{"id":3922,"date":"2026-04-19T20:48:06","date_gmt":"2026-04-19T18:48:06","guid":{"rendered":"https:\/\/rubi.com.py\/index.php\/producto\/refrigerador-carnicero-ecosilkon-rf-052-1-300l\/"},"modified":"2026-04-19T20:48:06","modified_gmt":"2026-04-19T18:48:06","slug":"refrigerador-carnicero-ecosilkon-rf-052-1-300l","status":"publish","type":"product","link":"https:\/\/rubi.com.py\/index.php\/producto\/refrigerador-carnicero-ecosilkon-rf-052-1-300l\/","title":{"rendered":"REFRIGERADOR CARNICERO ECOSILKON RF-052, 1.300L"},"content":{"rendered":"<p>* Recubrimiento int. de acero galvanizado * Gancheras (Superiores y Central). * Recubrimiento ext. de acero inox. * Refrigeraci\u00f3n por aire forzado. * Temperatura 0\u00b0 a 7\u00b0C. * Deshielo autom\u00e1tico. * Capacidad 1300 Lts. * Controlador digital. * Pies ajustables. MEDIDAS DEL PRODUCTO. * Frente 1100 mm. * Lateral 900 mm. * Altura 2250 mm. Im\u00e1genes meramente ilustrativas. Im\u00e1genes e informaci\u00f3n sujetas a cambios sin previo aviso. Detalles t\u00e9cnicos: \u2022 ANCHO: 80 CM \u2022 ALTO: 148 CM \u2022 LARGO: 160 CM \u2022 PESO: 14500 GR<\/p>\n","protected":false},"excerpt":{"rendered":"<p>* Recubrimiento int. de acero galvanizado * Gancheras (Superiores y Central). * Recubrimiento ext. de acero inox. * Refrigeraci\u00f3n por aire forzado. * Temperatura 0\u00b0 a 7\u00b0C. * Deshielo autom\u00e1tico. * Capacidad 1300 Lts. * Controlador digital. * Pies ajustables. MEDIDAS DEL PRODUCTO. * Frente 1100 mm. * Lateral 900 mm. * Altura 2250 mm. Im\u00e1genes meramente ilustrativas. Im\u00e1genes e informaci\u00f3n sujetas a cambios sin previo aviso.<\/p>\n","protected":false},"featured_media":3921,"comment_status":"open","ping_status":"closed","template":"","meta":{"_et_pb_use_builder":"","_et_pb_old_content":"","_et_gb_content_width":""},"product_brand":[],"product_cat":[39,43],"product_tag":[],"class_list":{"0":"post-3922","1":"product","2":"type-product","3":"status-publish","4":"has-post-thumbnail","6":"product_cat-industria-comercio-y-campo","7":"product_cat-refrigeracion","9":"first","10":"instock","11":"shipping-taxable","12":"purchasable","13":"product-type-simple"},"_links":{"self":[{"href":"https:\/\/rubi.com.py\/index.php\/wp-json\/wp\/v2\/product\/3922","targetHints":{"allow":["GET"]}}],"collection":[{"href":"https:\/\/rubi.com.py\/index.php\/wp-json\/wp\/v2\/product"}],"about":[{"href":"https:\/\/rubi.com.py\/index.php\/wp-json\/wp\/v2\/types\/product"}],"replies":[{"embeddable":true,"href":"https:\/\/rubi.com.py\/index.php\/wp-json\/wp\/v2\/comments?post=3922"}],"wp:featuredmedia":[{"embeddable":true,"href":"https:\/\/rubi.com.py\/index.php\/wp-json\/wp\/v2\/media\/3921"}],"wp:attachment":[{"href":"https:\/\/rubi.com.py\/index.php\/wp-json\/wp\/v2\/media?parent=3922"}],"wp:term":[{"taxonomy":"product_brand","embeddable":true,"href":"https:\/\/rubi.com.py\/index.php\/wp-json\/wp\/v2\/product_brand?post=3922"},{"taxonomy":"product_cat","embeddable":true,"href":"https:\/\/rubi.com.py\/index.php\/wp-json\/wp\/v2\/product_cat?post=3922"},{"taxonomy":"product_tag","embeddable":true,"href":"https:\/\/rubi.com.py\/index.php\/wp-json\/wp\/v2\/product_tag?post=3922"}],"curies":[{"name":"wp","href":"https:\/\/api.w.org\/{rel}","templated":true}]}}