{"id":3932,"date":"2026-04-19T20:49:55","date_gmt":"2026-04-19T18:49:55","guid":{"rendered":"https:\/\/rubi.com.py\/index.php\/producto\/secador-de-cabello-remington-airvivel-digital-ec8930-220-r\/"},"modified":"2026-04-19T20:49:55","modified_gmt":"2026-04-19T18:49:55","slug":"secador-de-cabello-remington-airvivel-digital-ec8930-220-r","status":"publish","type":"product","link":"https:\/\/rubi.com.py\/index.php\/producto\/secador-de-cabello-remington-airvivel-digital-ec8930-220-r\/","title":{"rendered":"SECADOR DE CABELLO REMINGTON AIRVIVEL DIGITAL EC8930 220 R"},"content":{"rendered":"<p>* 1600 W (BLDC motor m\u00e1s duradero, silencioso y eficiente, con mayor potencia y mejor control del aire, usando menos energ\u00eda). * Su dise\u00f1o ligero y eficiente protege la humedad natural del cabello, dejando un acabado suave y brillante por 24 horas. * Combina un potente motor BLDC con tecnolog\u00eda de aire ionizado para un secado ultrarr\u00e1pido, silencioso y sin frizz. * Rejillas con microacondicionadores activados por calor con NUEVA f\u00f3rmula Anti-Frizz. * Cable giratorio 3 metros con gancho para colgar. * Incluye concentrador de calor. * Incluye Filtro de aire removible. * 4 ajustes de temperatura. * 3 ajustes de velocidad. * Bot\u00f3n de aire fr\u00edo. * Incluye difusor. Im\u00e1genes meramente ilustrativas. Im\u00e1genes e informaci\u00f3n sujetas a cambios sin previo aviso. Detalles t\u00e9cnicos: \u2022 ANCHO: 6 CM \u2022 ALTO: 15,5 CM \u2022 LARGO: 36 CM \u2022 PESO: 4250 GR<\/p>\n","protected":false},"excerpt":{"rendered":"<p>* 1600 W (BLDC motor m\u00e1s duradero, silencioso y eficiente, con mayor potencia y mejor control del aire, usando menos energ\u00eda). * Su dise\u00f1o ligero y eficiente protege la humedad natural del cabello, dejando un acabado suave y brillante por 24 horas. * Combina un potente motor BLDC con tecnolog\u00eda de aire ionizado para un secado ultrarr\u00e1pido, silencioso y sin frizz. * Rejillas con microacondicionadores activados por calor con NUEVA f\u00f3rmula Anti-Frizz. * Cable giratorio 3 metros con gancho para colgar. * Incluye concentrador de calor. * Incluye Filtro de aire removible. * 4 ajustes de temperatura. * 3 ajustes de velocidad. * Bot\u00f3n de aire fr\u00edo. * Incluye difusor. Im\u00e1genes meramente ilustrativas. Im\u00e1genes e informaci\u00f3n sujetas a cambios sin previo aviso.<\/p>\n","protected":false},"featured_media":3931,"comment_status":"open","ping_status":"closed","template":"","meta":{"_et_pb_use_builder":"","_et_pb_old_content":"","_et_gb_content_width":""},"product_brand":[],"product_cat":[45],"product_tag":[],"class_list":{"0":"post-3932","1":"product","2":"type-product","3":"status-publish","4":"has-post-thumbnail","6":"product_cat-salud-y-belleza","8":"first","9":"instock","10":"shipping-taxable","11":"purchasable","12":"product-type-simple"},"_links":{"self":[{"href":"https:\/\/rubi.com.py\/index.php\/wp-json\/wp\/v2\/product\/3932","targetHints":{"allow":["GET"]}}],"collection":[{"href":"https:\/\/rubi.com.py\/index.php\/wp-json\/wp\/v2\/product"}],"about":[{"href":"https:\/\/rubi.com.py\/index.php\/wp-json\/wp\/v2\/types\/product"}],"replies":[{"embeddable":true,"href":"https:\/\/rubi.com.py\/index.php\/wp-json\/wp\/v2\/comments?post=3932"}],"wp:featuredmedia":[{"embeddable":true,"href":"https:\/\/rubi.com.py\/index.php\/wp-json\/wp\/v2\/media\/3931"}],"wp:attachment":[{"href":"https:\/\/rubi.com.py\/index.php\/wp-json\/wp\/v2\/media?parent=3932"}],"wp:term":[{"taxonomy":"product_brand","embeddable":true,"href":"https:\/\/rubi.com.py\/index.php\/wp-json\/wp\/v2\/product_brand?post=3932"},{"taxonomy":"product_cat","embeddable":true,"href":"https:\/\/rubi.com.py\/index.php\/wp-json\/wp\/v2\/product_cat?post=3932"},{"taxonomy":"product_tag","embeddable":true,"href":"https:\/\/rubi.com.py\/index.php\/wp-json\/wp\/v2\/product_tag?post=3932"}],"curies":[{"name":"wp","href":"https:\/\/api.w.org\/{rel}","templated":true}]}}