{"id":3934,"date":"2026-04-19T20:50:13","date_gmt":"2026-04-19T18:50:13","guid":{"rendered":"https:\/\/rubi.com.py\/index.php\/producto\/tv-jvc-32-smart-hd-google-tv-mod-lt32km148\/"},"modified":"2026-04-19T20:50:13","modified_gmt":"2026-04-19T18:50:13","slug":"tv-jvc-32-smart-hd-google-tv-mod-lt32km148","status":"publish","type":"product","link":"https:\/\/rubi.com.py\/index.php\/producto\/tv-jvc-32-smart-hd-google-tv-mod-lt32km148\/","title":{"rendered":"TV JVC 32 SMART HD GOOGLE TV MOD LT32KM148"},"content":{"rendered":"<p>* DLED HDR10 1366p x 768p. * Frameless Design. * Salida de audio. * Wifi integrado. * Google Cast. * Dolby Audio. * LAN RJ-45. * Bluetooth. * 3 HDMI. * 2 USB. Im\u00e1genes meramente ilustrativas. Im\u00e1genes e informaci\u00f3n sujetas a cambios sin previo aviso. Detalles t\u00e9cnicos: \u2022 ANCHO: 11 CM \u2022 ALTO: 47 CM \u2022 LARGO: 78 CM \u2022 PESO: 5100 GR<\/p>\n","protected":false},"excerpt":{"rendered":"<p>* DLED HDR10 1366p x 768p. * Frameless Design. * Salida de audio. * Wifi integrado. * Google Cast. * Dolby Audio. * LAN RJ-45. * Bluetooth. * 3 HDMI. * 2 USB. Im\u00e1genes meramente ilustrativas. Im\u00e1genes e informaci\u00f3n sujetas a cambios sin previo aviso.<\/p>\n","protected":false},"featured_media":3933,"comment_status":"open","ping_status":"closed","template":"","meta":{"_et_pb_use_builder":"","_et_pb_old_content":"","_et_gb_content_width":""},"product_brand":[],"product_cat":[46],"product_tag":[],"class_list":{"0":"post-3934","1":"product","2":"type-product","3":"status-publish","4":"has-post-thumbnail","6":"product_cat-tecnologia","8":"first","9":"instock","10":"shipping-taxable","11":"purchasable","12":"product-type-simple"},"_links":{"self":[{"href":"https:\/\/rubi.com.py\/index.php\/wp-json\/wp\/v2\/product\/3934","targetHints":{"allow":["GET"]}}],"collection":[{"href":"https:\/\/rubi.com.py\/index.php\/wp-json\/wp\/v2\/product"}],"about":[{"href":"https:\/\/rubi.com.py\/index.php\/wp-json\/wp\/v2\/types\/product"}],"replies":[{"embeddable":true,"href":"https:\/\/rubi.com.py\/index.php\/wp-json\/wp\/v2\/comments?post=3934"}],"wp:featuredmedia":[{"embeddable":true,"href":"https:\/\/rubi.com.py\/index.php\/wp-json\/wp\/v2\/media\/3933"}],"wp:attachment":[{"href":"https:\/\/rubi.com.py\/index.php\/wp-json\/wp\/v2\/media?parent=3934"}],"wp:term":[{"taxonomy":"product_brand","embeddable":true,"href":"https:\/\/rubi.com.py\/index.php\/wp-json\/wp\/v2\/product_brand?post=3934"},{"taxonomy":"product_cat","embeddable":true,"href":"https:\/\/rubi.com.py\/index.php\/wp-json\/wp\/v2\/product_cat?post=3934"},{"taxonomy":"product_tag","embeddable":true,"href":"https:\/\/rubi.com.py\/index.php\/wp-json\/wp\/v2\/product_tag?post=3934"}],"curies":[{"name":"wp","href":"https:\/\/api.w.org\/{rel}","templated":true}]}}