{"id":394,"date":"2025-09-17T22:17:48","date_gmt":"2025-09-17T20:17:48","guid":{"rendered":"https:\/\/rubi.com.py\/index.php\/producto\/parlante-inalambrico-sony-srs-xe300-gray\/"},"modified":"2026-04-20T22:03:16","modified_gmt":"2026-04-20T20:03:16","slug":"parlante-inalambrico-sony-srs-xe300-gray","status":"publish","type":"product","link":"https:\/\/rubi.com.py\/index.php\/producto\/parlante-inalambrico-sony-srs-xe300-gray\/","title":{"rendered":"PARLANTE INALAMBRICO SONY SRS-XE300 GRAY"},"content":{"rendered":"<p>* 2 woofers con parlantes X-Balanced para mayor presi\u00f3n ac\u00fastica y claridad. * Certificaci\u00f3n IP67 resistente al polvo y a inmersi\u00f3n de 1 m por 30 minutos. * Carga r\u00e1pida de 10 minutos para 70 minutos de reproducci\u00f3n. * Conexi\u00f3n hasta 100 parlantes Party Connect. * Modos de sonido Clear Audio+, DSEE. * Formato de audio AAC, SBC, LDAC. * Aplicaci\u00f3n Music Center-Fiestable. * Stereo Pair entre dos parlantes. * Difusor con forma de l\u00ednea. * Reproducci\u00f3n hasta 24 h. * Carga completa en 5 h. * 2 radiadores pasivos. * Bluetooth 5.2. * Peso 1,3 kg. Im\u00e1genes meramente ilustrativas. Im\u00e1genes e informaci\u00f3n sujetas a cambios sin previo aviso. Detalles t\u00e9cnicos: \u2022 ANCHO: 9 CM \u2022 ALTO: 20,8 CM \u2022 LARGO: 9,4 CM \u2022 PESO: 800 GR<\/p>\n","protected":false},"excerpt":{"rendered":"<p>* 2 woofers con parlantes X-Balanced para mayor presi\u00f3n ac\u00fastica y claridad. * Certificaci\u00f3n IP67 resistente al polvo y a inmersi\u00f3n de 1 m por 30 minutos. * Carga r\u00e1pida de 10 minutos para 70 minutos de reproducci\u00f3n. * Conexi\u00f3n hasta 100 parlantes Party Connect. * Modos de sonido Clear Audio+, DSEE. * Formato de audio AAC, SBC, LDAC. * Aplicaci\u00f3n Music Center-Fiestable. * Stereo Pair entre dos parlantes. * Difusor con forma de l\u00ednea. * Reproducci\u00f3n hasta 24 h. * Carga completa en 5 h. * 2 radiadores pasivos. * Bluetooth 5.2. * Peso 1,3 kg. Im\u00e1genes meramente ilustrativas. Im\u00e1genes e informaci\u00f3n sujetas a cambios sin previo aviso.<\/p>\n","protected":false},"featured_media":4590,"comment_status":"open","ping_status":"closed","template":"","meta":{"_et_pb_use_builder":"","_et_pb_old_content":"","_et_gb_content_width":""},"product_brand":[],"product_cat":[46],"product_tag":[],"class_list":{"0":"post-394","1":"product","2":"type-product","3":"status-publish","4":"has-post-thumbnail","6":"product_cat-tecnologia","8":"first","9":"instock","10":"shipping-taxable","11":"purchasable","12":"product-type-simple"},"_links":{"self":[{"href":"https:\/\/rubi.com.py\/index.php\/wp-json\/wp\/v2\/product\/394","targetHints":{"allow":["GET"]}}],"collection":[{"href":"https:\/\/rubi.com.py\/index.php\/wp-json\/wp\/v2\/product"}],"about":[{"href":"https:\/\/rubi.com.py\/index.php\/wp-json\/wp\/v2\/types\/product"}],"replies":[{"embeddable":true,"href":"https:\/\/rubi.com.py\/index.php\/wp-json\/wp\/v2\/comments?post=394"}],"wp:featuredmedia":[{"embeddable":true,"href":"https:\/\/rubi.com.py\/index.php\/wp-json\/wp\/v2\/media\/4590"}],"wp:attachment":[{"href":"https:\/\/rubi.com.py\/index.php\/wp-json\/wp\/v2\/media?parent=394"}],"wp:term":[{"taxonomy":"product_brand","embeddable":true,"href":"https:\/\/rubi.com.py\/index.php\/wp-json\/wp\/v2\/product_brand?post=394"},{"taxonomy":"product_cat","embeddable":true,"href":"https:\/\/rubi.com.py\/index.php\/wp-json\/wp\/v2\/product_cat?post=394"},{"taxonomy":"product_tag","embeddable":true,"href":"https:\/\/rubi.com.py\/index.php\/wp-json\/wp\/v2\/product_tag?post=394"}],"curies":[{"name":"wp","href":"https:\/\/api.w.org\/{rel}","templated":true}]}}