{"id":3951,"date":"2026-04-19T23:10:22","date_gmt":"2026-04-19T21:10:22","guid":{"rendered":"https:\/\/rubi.com.py\/index.php\/producto\/licuadora-industrial-metvisa-4l-baj-rot-md-lql-4-1-2cv\/"},"modified":"2026-04-19T23:10:22","modified_gmt":"2026-04-19T21:10:22","slug":"licuadora-industrial-metvisa-4l-baj-rot-md-lql-4-1-2cv","status":"publish","type":"product","link":"https:\/\/rubi.com.py\/index.php\/producto\/licuadora-industrial-metvisa-4l-baj-rot-md-lql-4-1-2cv\/","title":{"rendered":"LICUADORA INDUSTRIAL METVISA 4L BAJ ROT. MD.LQL-4-1\/2CV"},"content":{"rendered":"<p>* Exterior en acero inoxidable. * Bajo consumo de energ\u00eda. * Pies estabilizadores. * Capacidad 4 litros. Im\u00e1genes meramente ilustrativas. Im\u00e1genes e informaci\u00f3n sujetas a cambios sin previo aviso. Detalles t\u00e9cnicos: \u2022 CAPACIDAD: 4 Litros \u2022 ACERO INOXIDABLE: vaso y carcaza Unidades \u2022 ANCHO: 26 CM \u2022 ALTO: 37,5 CM \u2022 LARGO: 43 CM \u2022 PESO: 10200 GR<\/p>\n","protected":false},"excerpt":{"rendered":"<p>* Exterior en acero inoxidable. * Bajo consumo de energ\u00eda. * Pies estabilizadores. * Capacidad 4 litros. Im\u00e1genes meramente ilustrativas. Im\u00e1genes e informaci\u00f3n sujetas a cambios sin previo aviso.<\/p>\n","protected":false},"featured_media":3950,"comment_status":"open","ping_status":"closed","template":"","meta":{"_et_pb_use_builder":"","_et_pb_old_content":"","_et_gb_content_width":""},"product_brand":[],"product_cat":[33,39],"product_tag":[],"class_list":{"0":"post-3951","1":"product","2":"type-product","3":"status-publish","4":"has-post-thumbnail","6":"product_cat-cocina-y-comedor","7":"product_cat-industria-comercio-y-campo","9":"first","10":"instock","11":"shipping-taxable","12":"purchasable","13":"product-type-simple"},"_links":{"self":[{"href":"https:\/\/rubi.com.py\/index.php\/wp-json\/wp\/v2\/product\/3951","targetHints":{"allow":["GET"]}}],"collection":[{"href":"https:\/\/rubi.com.py\/index.php\/wp-json\/wp\/v2\/product"}],"about":[{"href":"https:\/\/rubi.com.py\/index.php\/wp-json\/wp\/v2\/types\/product"}],"replies":[{"embeddable":true,"href":"https:\/\/rubi.com.py\/index.php\/wp-json\/wp\/v2\/comments?post=3951"}],"wp:featuredmedia":[{"embeddable":true,"href":"https:\/\/rubi.com.py\/index.php\/wp-json\/wp\/v2\/media\/3950"}],"wp:attachment":[{"href":"https:\/\/rubi.com.py\/index.php\/wp-json\/wp\/v2\/media?parent=3951"}],"wp:term":[{"taxonomy":"product_brand","embeddable":true,"href":"https:\/\/rubi.com.py\/index.php\/wp-json\/wp\/v2\/product_brand?post=3951"},{"taxonomy":"product_cat","embeddable":true,"href":"https:\/\/rubi.com.py\/index.php\/wp-json\/wp\/v2\/product_cat?post=3951"},{"taxonomy":"product_tag","embeddable":true,"href":"https:\/\/rubi.com.py\/index.php\/wp-json\/wp\/v2\/product_tag?post=3951"}],"curies":[{"name":"wp","href":"https:\/\/api.w.org\/{rel}","templated":true}]}}