{"id":3956,"date":"2026-04-19T23:11:35","date_gmt":"2026-04-19T21:11:35","guid":{"rendered":"https:\/\/rubi.com.py\/index.php\/producto\/mantenedor-de-comidas-tokyo-ind-ehs-330-220v-50hz\/"},"modified":"2026-04-19T23:11:35","modified_gmt":"2026-04-19T21:11:35","slug":"mantenedor-de-comidas-tokyo-ind-ehs-330-220v-50hz","status":"publish","type":"product","link":"https:\/\/rubi.com.py\/index.php\/producto\/mantenedor-de-comidas-tokyo-ind-ehs-330-220v-50hz\/","title":{"rendered":"MANTENEDOR DE COMIDAS TOKYO IND. EHS-330 220v\/50hz"},"content":{"rendered":"<p>* Mantiene la comida caliente y listo para servir. * Construcci\u00f3n de acero inoxidable. * Incluye una bandeja de comida. * Temperatura 80\u00b0C. * Peso neto 5,5 kg. * Potencia 0,6 kW. * F\u00e1cil de usar. * 220 V-50 Hz. MEDIDAS DEL PRODUCTO. * Altura 340 mm. * Profundidad 565 mm. * Largo 420 mm. Im\u00e1genes meramente ilustrativas. Im\u00e1genes e informaci\u00f3n sujetas a cambios sin previo aviso. Detalles t\u00e9cnicos: \u2022 ANCHO: 56,5 CM \u2022 ALTO: 42 CM \u2022 LARGO: 34 CM \u2022 PESO: 5500 GR<\/p>\n","protected":false},"excerpt":{"rendered":"<p>* Mantiene la comida caliente y listo para servir. * Construcci\u00f3n de acero inoxidable. * Incluye una bandeja de comida. * Temperatura 80\u00b0C. * Peso neto 5,5 kg. * Potencia 0,6 kW. * F\u00e1cil de usar. * 220 V-50 Hz. MEDIDAS DEL PRODUCTO. * Altura 340 mm. * Profundidad 565 mm. * Largo 420 mm. Im\u00e1genes meramente ilustrativas. Im\u00e1genes e informaci\u00f3n sujetas a cambios sin previo aviso.<\/p>\n","protected":false},"featured_media":3955,"comment_status":"open","ping_status":"closed","template":"","meta":{"_et_pb_use_builder":"","_et_pb_old_content":"","_et_gb_content_width":""},"product_brand":[],"product_cat":[33],"product_tag":[],"class_list":{"0":"post-3956","1":"product","2":"type-product","3":"status-publish","4":"has-post-thumbnail","6":"product_cat-cocina-y-comedor","8":"first","9":"instock","10":"shipping-taxable","11":"purchasable","12":"product-type-simple"},"_links":{"self":[{"href":"https:\/\/rubi.com.py\/index.php\/wp-json\/wp\/v2\/product\/3956","targetHints":{"allow":["GET"]}}],"collection":[{"href":"https:\/\/rubi.com.py\/index.php\/wp-json\/wp\/v2\/product"}],"about":[{"href":"https:\/\/rubi.com.py\/index.php\/wp-json\/wp\/v2\/types\/product"}],"replies":[{"embeddable":true,"href":"https:\/\/rubi.com.py\/index.php\/wp-json\/wp\/v2\/comments?post=3956"}],"wp:featuredmedia":[{"embeddable":true,"href":"https:\/\/rubi.com.py\/index.php\/wp-json\/wp\/v2\/media\/3955"}],"wp:attachment":[{"href":"https:\/\/rubi.com.py\/index.php\/wp-json\/wp\/v2\/media?parent=3956"}],"wp:term":[{"taxonomy":"product_brand","embeddable":true,"href":"https:\/\/rubi.com.py\/index.php\/wp-json\/wp\/v2\/product_brand?post=3956"},{"taxonomy":"product_cat","embeddable":true,"href":"https:\/\/rubi.com.py\/index.php\/wp-json\/wp\/v2\/product_cat?post=3956"},{"taxonomy":"product_tag","embeddable":true,"href":"https:\/\/rubi.com.py\/index.php\/wp-json\/wp\/v2\/product_tag?post=3956"}],"curies":[{"name":"wp","href":"https:\/\/api.w.org\/{rel}","templated":true}]}}