{"id":3958,"date":"2026-04-19T23:17:56","date_gmt":"2026-04-19T21:17:56","guid":{"rendered":"https:\/\/rubi.com.py\/index.php\/producto\/horno-electrico-tokyo-industrial-mod-yxd20-2bandejas-de-40x60-cms-220v-50hz\/"},"modified":"2026-04-19T23:17:56","modified_gmt":"2026-04-19T21:17:56","slug":"horno-electrico-tokyo-industrial-mod-yxd20-2bandejas-de-40x60-cms-220v-50hz","status":"publish","type":"product","link":"https:\/\/rubi.com.py\/index.php\/producto\/horno-electrico-tokyo-industrial-mod-yxd20-2bandejas-de-40x60-cms-220v-50hz\/","title":{"rendered":"HORNO ELECTRICO TOKYO INDUSTRIAL MOD YXD20 2BANDEJAS DE 40X60 CMS 220V\/50HZ"},"content":{"rendered":"<p>* Estructura en chapa pintada, frente inoxidable. * 2 Bandejas 40&#215;60 cm. * Bandejas 40&#215;60 cm. * Potencia 6 KW. * Voltaje 220 V. MEDIDAS DEL PRODUCTO. * Altura 590 mm. * Profundidad 820 mm. * Largo 1230 mm. Im\u00e1genes meramente ilustrativas. Im\u00e1genes e informaci\u00f3n sujetas a cambios sin previo aviso. Detalles t\u00e9cnicos: \u2022 ANCHO: 127,5 CM \u2022 ALTO: 55,5 CM \u2022 LARGO: 90 CM \u2022 PESO: 138000 GR<\/p>\n","protected":false},"excerpt":{"rendered":"<p>* Estructura en chapa pintada, frente inoxidable. * 2 Bandejas 40&#215;60 cm. * Bandejas 40&#215;60 cm. * Potencia 6 KW. * Voltaje 220 V. MEDIDAS DEL PRODUCTO. * Altura 590 mm. * Profundidad 820 mm. * Largo 1230 mm. Im\u00e1genes meramente ilustrativas. Im\u00e1genes e informaci\u00f3n sujetas a cambios sin previo aviso.<\/p>\n","protected":false},"featured_media":3957,"comment_status":"open","ping_status":"closed","template":"","meta":{"_et_pb_use_builder":"","_et_pb_old_content":"","_et_gb_content_width":""},"product_brand":[],"product_cat":[33,39],"product_tag":[],"class_list":{"0":"post-3958","1":"product","2":"type-product","3":"status-publish","4":"has-post-thumbnail","6":"product_cat-cocina-y-comedor","7":"product_cat-industria-comercio-y-campo","9":"first","10":"instock","11":"shipping-taxable","12":"purchasable","13":"product-type-simple"},"_links":{"self":[{"href":"https:\/\/rubi.com.py\/index.php\/wp-json\/wp\/v2\/product\/3958","targetHints":{"allow":["GET"]}}],"collection":[{"href":"https:\/\/rubi.com.py\/index.php\/wp-json\/wp\/v2\/product"}],"about":[{"href":"https:\/\/rubi.com.py\/index.php\/wp-json\/wp\/v2\/types\/product"}],"replies":[{"embeddable":true,"href":"https:\/\/rubi.com.py\/index.php\/wp-json\/wp\/v2\/comments?post=3958"}],"wp:featuredmedia":[{"embeddable":true,"href":"https:\/\/rubi.com.py\/index.php\/wp-json\/wp\/v2\/media\/3957"}],"wp:attachment":[{"href":"https:\/\/rubi.com.py\/index.php\/wp-json\/wp\/v2\/media?parent=3958"}],"wp:term":[{"taxonomy":"product_brand","embeddable":true,"href":"https:\/\/rubi.com.py\/index.php\/wp-json\/wp\/v2\/product_brand?post=3958"},{"taxonomy":"product_cat","embeddable":true,"href":"https:\/\/rubi.com.py\/index.php\/wp-json\/wp\/v2\/product_cat?post=3958"},{"taxonomy":"product_tag","embeddable":true,"href":"https:\/\/rubi.com.py\/index.php\/wp-json\/wp\/v2\/product_tag?post=3958"}],"curies":[{"name":"wp","href":"https:\/\/api.w.org\/{rel}","templated":true}]}}