{"id":3960,"date":"2026-04-19T23:18:19","date_gmt":"2026-04-19T21:18:19","guid":{"rendered":"https:\/\/rubi.com.py\/index.php\/producto\/horno-progas-mod-fsi-500n-para-cocinas-a-gas-pms200-pmsd201-pm400\/"},"modified":"2026-04-19T23:18:19","modified_gmt":"2026-04-19T21:18:19","slug":"horno-progas-mod-fsi-500n-para-cocinas-a-gas-pms200-pmsd201-pm400","status":"publish","type":"product","link":"https:\/\/rubi.com.py\/index.php\/producto\/horno-progas-mod-fsi-500n-para-cocinas-a-gas-pms200-pmsd201-pm400\/","title":{"rendered":"HORNO PROGAS MOD FSI-500N PARA COCINAS-A GAS PMS200\/PMSD201\/PM400"},"content":{"rendered":"<p>* Cuenta con una capacidad de 60 litros, de formato compacto y encajable en cualquier lugar. * Su dise\u00f1o resistente prensenta acabado con acero. * Interior antiadherente y puerta con capa de vidrio. Im\u00e1genes meramente ilustrativas. Im\u00e1genes e informaci\u00f3n sujetas a cambios sin previo aviso. Detalles t\u00e9cnicos: \u2022 ANCHO: 60 CM \u2022 ALTO: 45 CM \u2022 LARGO: 60 CM \u2022 PESO: 12110 GR<\/p>\n","protected":false},"excerpt":{"rendered":"<p>* Cuenta con una capacidad de 60 litros, de formato compacto y encajable en cualquier lugar. * Su dise\u00f1o resistente prensenta acabado con acero. * Interior antiadherente y puerta con capa de vidrio. Im\u00e1genes meramente ilustrativas. Im\u00e1genes e informaci\u00f3n sujetas a cambios sin previo aviso.<\/p>\n","protected":false},"featured_media":3959,"comment_status":"open","ping_status":"closed","template":"","meta":{"_et_pb_use_builder":"","_et_pb_old_content":"","_et_gb_content_width":""},"product_brand":[],"product_cat":[33,39],"product_tag":[],"class_list":{"0":"post-3960","1":"product","2":"type-product","3":"status-publish","4":"has-post-thumbnail","6":"product_cat-cocina-y-comedor","7":"product_cat-industria-comercio-y-campo","9":"first","10":"instock","11":"shipping-taxable","12":"purchasable","13":"product-type-simple"},"_links":{"self":[{"href":"https:\/\/rubi.com.py\/index.php\/wp-json\/wp\/v2\/product\/3960","targetHints":{"allow":["GET"]}}],"collection":[{"href":"https:\/\/rubi.com.py\/index.php\/wp-json\/wp\/v2\/product"}],"about":[{"href":"https:\/\/rubi.com.py\/index.php\/wp-json\/wp\/v2\/types\/product"}],"replies":[{"embeddable":true,"href":"https:\/\/rubi.com.py\/index.php\/wp-json\/wp\/v2\/comments?post=3960"}],"wp:featuredmedia":[{"embeddable":true,"href":"https:\/\/rubi.com.py\/index.php\/wp-json\/wp\/v2\/media\/3959"}],"wp:attachment":[{"href":"https:\/\/rubi.com.py\/index.php\/wp-json\/wp\/v2\/media?parent=3960"}],"wp:term":[{"taxonomy":"product_brand","embeddable":true,"href":"https:\/\/rubi.com.py\/index.php\/wp-json\/wp\/v2\/product_brand?post=3960"},{"taxonomy":"product_cat","embeddable":true,"href":"https:\/\/rubi.com.py\/index.php\/wp-json\/wp\/v2\/product_cat?post=3960"},{"taxonomy":"product_tag","embeddable":true,"href":"https:\/\/rubi.com.py\/index.php\/wp-json\/wp\/v2\/product_tag?post=3960"}],"curies":[{"name":"wp","href":"https:\/\/api.w.org\/{rel}","templated":true}]}}