{"id":3964,"date":"2026-04-19T23:21:25","date_gmt":"2026-04-19T21:21:25","guid":{"rendered":"https:\/\/rubi.com.py\/index.php\/producto\/licuadora-arno-power-mix-essential-lq18-rojo-700w-220v\/"},"modified":"2026-04-19T23:21:31","modified_gmt":"2026-04-19T21:21:31","slug":"licuadora-arno-power-mix-essential-lq18-rojo-700w-220v","status":"publish","type":"product","link":"https:\/\/rubi.com.py\/index.php\/producto\/licuadora-arno-power-mix-essential-lq18-rojo-700w-220v\/","title":{"rendered":"LICUADORA ARNO POWER MIX ESSENTIAL LQ18 ROJO 700W 220V"},"content":{"rendered":"<p>* Ayuda en la preparaci\u00f3n de una variedad de recetas. * Resultados perfectos con practicidad y eficiencia. * Muele incluso los ingredientes m\u00e1s duros. * Combina a\u00fan m\u00e1s con tu cocina. * Capacidad total 2.4 litros. * Capacidad \u00fatil 1.6 litros. * Potencia 700 W. * 3 velocidades. Im\u00e1genes meramente ilustrativas. Im\u00e1genes e informaci\u00f3n sujetas a cambios sin previo aviso. Detalles t\u00e9cnicos: \u2022 ANCHO: 17 CM \u2022 ALTO: 29,5 CM \u2022 LARGO: 25 CM \u2022 PESO: 1235 GR<\/p>\n","protected":false},"excerpt":{"rendered":"<p>* Ayuda en la preparaci\u00f3n de una variedad de recetas. * Resultados perfectos con practicidad y eficiencia. * Muele incluso los ingredientes m\u00e1s duros. * Combina a\u00fan m\u00e1s con tu cocina. * Capacidad total 2.4 litros. * Capacidad \u00fatil 1.6 litros. * Potencia 700 W. * 3 velocidades. Im\u00e1genes meramente ilustrativas. Im\u00e1genes e informaci\u00f3n sujetas a cambios sin previo aviso.<\/p>\n","protected":false},"featured_media":3965,"comment_status":"open","ping_status":"closed","template":"","meta":{"_et_pb_use_builder":"","_et_pb_old_content":"","_et_gb_content_width":""},"product_brand":[],"product_cat":[33],"product_tag":[],"class_list":{"0":"post-3964","1":"product","2":"type-product","3":"status-publish","4":"has-post-thumbnail","6":"product_cat-cocina-y-comedor","8":"first","9":"instock","10":"shipping-taxable","11":"purchasable","12":"product-type-simple"},"_links":{"self":[{"href":"https:\/\/rubi.com.py\/index.php\/wp-json\/wp\/v2\/product\/3964","targetHints":{"allow":["GET"]}}],"collection":[{"href":"https:\/\/rubi.com.py\/index.php\/wp-json\/wp\/v2\/product"}],"about":[{"href":"https:\/\/rubi.com.py\/index.php\/wp-json\/wp\/v2\/types\/product"}],"replies":[{"embeddable":true,"href":"https:\/\/rubi.com.py\/index.php\/wp-json\/wp\/v2\/comments?post=3964"}],"wp:featuredmedia":[{"embeddable":true,"href":"https:\/\/rubi.com.py\/index.php\/wp-json\/wp\/v2\/media\/3965"}],"wp:attachment":[{"href":"https:\/\/rubi.com.py\/index.php\/wp-json\/wp\/v2\/media?parent=3964"}],"wp:term":[{"taxonomy":"product_brand","embeddable":true,"href":"https:\/\/rubi.com.py\/index.php\/wp-json\/wp\/v2\/product_brand?post=3964"},{"taxonomy":"product_cat","embeddable":true,"href":"https:\/\/rubi.com.py\/index.php\/wp-json\/wp\/v2\/product_cat?post=3964"},{"taxonomy":"product_tag","embeddable":true,"href":"https:\/\/rubi.com.py\/index.php\/wp-json\/wp\/v2\/product_tag?post=3964"}],"curies":[{"name":"wp","href":"https:\/\/api.w.org\/{rel}","templated":true}]}}