{"id":3967,"date":"2026-04-19T23:22:02","date_gmt":"2026-04-19T21:22:02","guid":{"rendered":"https:\/\/rubi.com.py\/index.php\/producto\/licuadora-basculante-metvisa-25lts-1-1-5hp-mod-lqb25-220v-50hz\/"},"modified":"2026-04-19T23:22:02","modified_gmt":"2026-04-19T21:22:02","slug":"licuadora-basculante-metvisa-25lts-1-1-5hp-mod-lqb25-220v-50hz","status":"publish","type":"product","link":"https:\/\/rubi.com.py\/index.php\/producto\/licuadora-basculante-metvisa-25lts-1-1-5hp-mod-lqb25-220v-50hz\/","title":{"rendered":"LICUADORA BASCULANTE METVISA 25LTS 1 1\/5HP MOD LQB25 220V 50HZ"},"content":{"rendered":"<p>* Cuchillas de alta eficiencia fabricadas en acero inoxidable endurecido por tratamiento t\u00e9rmico. * Recomendado para preparar alimentos m\u00e1s densos como sopas, salsas y cremas con l\u00edquidos. * Mando para bloquear y desbloquear con seguridad el sistema giratorio del vaso. * Tapa con visor transparente para ver y a\u00f1adir ingredientes. * Trabaja con alimentos hasta 80\u00b0C de temperatura. * Vasos hechos en acero inoxidable. * Capacidad de Vaso 25 litros. * Potencia de motor 1.5 Hp. * Pies antideslizantes. * Rotaci\u00f3n 3400 Rpm. MEDIDAS DEL PRODUCTO. * Frente 341 mm. * Lateral 525 mm. * Altura 1190 mm. Im\u00e1genes meramente ilustrativas. Im\u00e1genes e informaci\u00f3n sujetas a cambios sin previo aviso. Detalles t\u00e9cnicos: \u2022 ANCHO: 46 CM \u2022 ALTO: 113 CM \u2022 LARGO: 42 CM \u2022 PESO: 20500 GR<\/p>\n","protected":false},"excerpt":{"rendered":"<p>* Cuchillas de alta eficiencia fabricadas en acero inoxidable endurecido por tratamiento t\u00e9rmico. * Recomendado para preparar alimentos m\u00e1s densos como sopas, salsas y cremas con l\u00edquidos. * Mando para bloquear y desbloquear con seguridad el sistema giratorio del vaso. * Tapa con visor transparente para ver y a\u00f1adir ingredientes. * Trabaja con alimentos hasta 80\u00b0C de temperatura. * Vasos hechos en acero inoxidable. * Capacidad de Vaso 25 litros. * Potencia de motor 1.5 Hp. * Pies antideslizantes. * Rotaci\u00f3n 3400 Rpm. MEDIDAS DEL PRODUCTO. * Frente 341 mm. * Lateral 525 mm. * Altura 1190 mm. Im\u00e1genes meramente ilustrativas. Im\u00e1genes e informaci\u00f3n sujetas a cambios sin previo aviso.<\/p>\n","protected":false},"featured_media":3966,"comment_status":"open","ping_status":"closed","template":"","meta":{"_et_pb_use_builder":"","_et_pb_old_content":"","_et_gb_content_width":""},"product_brand":[],"product_cat":[33,39],"product_tag":[],"class_list":{"0":"post-3967","1":"product","2":"type-product","3":"status-publish","4":"has-post-thumbnail","6":"product_cat-cocina-y-comedor","7":"product_cat-industria-comercio-y-campo","9":"first","10":"instock","11":"shipping-taxable","12":"purchasable","13":"product-type-simple"},"_links":{"self":[{"href":"https:\/\/rubi.com.py\/index.php\/wp-json\/wp\/v2\/product\/3967","targetHints":{"allow":["GET"]}}],"collection":[{"href":"https:\/\/rubi.com.py\/index.php\/wp-json\/wp\/v2\/product"}],"about":[{"href":"https:\/\/rubi.com.py\/index.php\/wp-json\/wp\/v2\/types\/product"}],"replies":[{"embeddable":true,"href":"https:\/\/rubi.com.py\/index.php\/wp-json\/wp\/v2\/comments?post=3967"}],"wp:featuredmedia":[{"embeddable":true,"href":"https:\/\/rubi.com.py\/index.php\/wp-json\/wp\/v2\/media\/3966"}],"wp:attachment":[{"href":"https:\/\/rubi.com.py\/index.php\/wp-json\/wp\/v2\/media?parent=3967"}],"wp:term":[{"taxonomy":"product_brand","embeddable":true,"href":"https:\/\/rubi.com.py\/index.php\/wp-json\/wp\/v2\/product_brand?post=3967"},{"taxonomy":"product_cat","embeddable":true,"href":"https:\/\/rubi.com.py\/index.php\/wp-json\/wp\/v2\/product_cat?post=3967"},{"taxonomy":"product_tag","embeddable":true,"href":"https:\/\/rubi.com.py\/index.php\/wp-json\/wp\/v2\/product_tag?post=3967"}],"curies":[{"name":"wp","href":"https:\/\/api.w.org\/{rel}","templated":true}]}}