{"id":3969,"date":"2026-04-19T23:22:20","date_gmt":"2026-04-19T21:22:20","guid":{"rendered":"https:\/\/rubi.com.py\/index.php\/producto\/licuadora-ind-metvisa-tritura-3-5lts-alta-rotacion-lar4-1200w\/"},"modified":"2026-04-19T23:22:20","modified_gmt":"2026-04-19T21:22:20","slug":"licuadora-ind-metvisa-tritura-3-5lts-alta-rotacion-lar4-1200w","status":"publish","type":"product","link":"https:\/\/rubi.com.py\/index.php\/producto\/licuadora-ind-metvisa-tritura-3-5lts-alta-rotacion-lar4-1200w\/","title":{"rendered":"LICUADORA IND METVISA TRITURA 3.5LTS ALTA ROTACION LAR4 1200W"},"content":{"rendered":"<p>* Triturar varios productos con adici\u00f3n de l\u00edquido y la disoluci\u00f3n de frutas. * Licuar con mucha facilidad, agilidad y practicidad. * Exterior en acero inoxidable. * Frecuencia 220 V &#8211; 50 Hz. * Bajo consumo de energ\u00eda. * Rotaci\u00f3n 22000 rpm. * Capacidad 3,5 litros. * Pies estabilizadores. * Potencia 1200 W. * Peso 4,8 kg. MEDIDAS DEL PRODUCTO. * Altura 520 mm. * Ancho260 mm. * Profundidad 230 mm. Im\u00e1genes meramente ilustrativas. Im\u00e1genes e informaci\u00f3n sujetas a cambios sin previo aviso. Detalles t\u00e9cnicos: \u2022 CAPACIDAD: 4 Litros \u2022 ANCHO: 25 CM \u2022 ALTO: 37 CM \u2022 LARGO: 43,3 CM \u2022 PESO: 1 GR<\/p>\n","protected":false},"excerpt":{"rendered":"<p>* Triturar varios productos con adici\u00f3n de l\u00edquido y la disoluci\u00f3n de frutas. * Licuar con mucha facilidad, agilidad y practicidad. * Exterior en acero inoxidable. * Frecuencia 220 V &#8211; 50 Hz. * Bajo consumo de energ\u00eda. * Rotaci\u00f3n 22000 rpm. * Capacidad 3,5 litros. * Pies estabilizadores. * Potencia 1200 W. * Peso 4,8 kg. MEDIDAS DEL PRODUCTO. * Altura 520 mm. * Ancho260 mm. * Profundidad 230 mm. Im\u00e1genes meramente ilustrativas. Im\u00e1genes e informaci\u00f3n sujetas a cambios sin previo aviso.<\/p>\n","protected":false},"featured_media":3968,"comment_status":"open","ping_status":"closed","template":"","meta":{"_et_pb_use_builder":"","_et_pb_old_content":"","_et_gb_content_width":""},"product_brand":[],"product_cat":[33,39],"product_tag":[],"class_list":{"0":"post-3969","1":"product","2":"type-product","3":"status-publish","4":"has-post-thumbnail","6":"product_cat-cocina-y-comedor","7":"product_cat-industria-comercio-y-campo","9":"first","10":"instock","11":"shipping-taxable","12":"purchasable","13":"product-type-simple"},"_links":{"self":[{"href":"https:\/\/rubi.com.py\/index.php\/wp-json\/wp\/v2\/product\/3969","targetHints":{"allow":["GET"]}}],"collection":[{"href":"https:\/\/rubi.com.py\/index.php\/wp-json\/wp\/v2\/product"}],"about":[{"href":"https:\/\/rubi.com.py\/index.php\/wp-json\/wp\/v2\/types\/product"}],"replies":[{"embeddable":true,"href":"https:\/\/rubi.com.py\/index.php\/wp-json\/wp\/v2\/comments?post=3969"}],"wp:featuredmedia":[{"embeddable":true,"href":"https:\/\/rubi.com.py\/index.php\/wp-json\/wp\/v2\/media\/3968"}],"wp:attachment":[{"href":"https:\/\/rubi.com.py\/index.php\/wp-json\/wp\/v2\/media?parent=3969"}],"wp:term":[{"taxonomy":"product_brand","embeddable":true,"href":"https:\/\/rubi.com.py\/index.php\/wp-json\/wp\/v2\/product_brand?post=3969"},{"taxonomy":"product_cat","embeddable":true,"href":"https:\/\/rubi.com.py\/index.php\/wp-json\/wp\/v2\/product_cat?post=3969"},{"taxonomy":"product_tag","embeddable":true,"href":"https:\/\/rubi.com.py\/index.php\/wp-json\/wp\/v2\/product_tag?post=3969"}],"curies":[{"name":"wp","href":"https:\/\/api.w.org\/{rel}","templated":true}]}}