{"id":3971,"date":"2026-04-19T23:22:50","date_gmt":"2026-04-19T21:22:50","guid":{"rendered":"https:\/\/rubi.com.py\/index.php\/producto\/licuadora-ind-metvisa-2-8-litros-con-vaso-de-policarbonato-1200w\/"},"modified":"2026-04-19T23:22:50","modified_gmt":"2026-04-19T21:22:50","slug":"licuadora-ind-metvisa-2-8-litros-con-vaso-de-policarbonato-1200w","status":"publish","type":"product","link":"https:\/\/rubi.com.py\/index.php\/producto\/licuadora-ind-metvisa-2-8-litros-con-vaso-de-policarbonato-1200w\/","title":{"rendered":"LICUADORA IND METVISA 2.8 LITROS CON VASO DE POLICARBONATO 1200W"},"content":{"rendered":"<p>* Cuchillas de alta eficiencia fabricadas en acero inoxidable endurecido por tratamiento t\u00e9rmico. * Bot\u00f3n de encendido-apagado con pulso y control de velocidad. * Recomendado para preparar jugos y batidos. * Potencia de motor 1200 W &#8211; 220V-50-60hZ. * Rotaci\u00f3n 25000 Rpm. * Capacidad 2.8 litros. MEDIDAS DEL PRODUCTO. * Frente 219 mm. * Lateral 240 mm. * Altura 508 mm. Im\u00e1genes meramente ilustrativas. Im\u00e1genes e informaci\u00f3n sujetas a cambios sin previo aviso. Detalles t\u00e9cnicos: \u2022 ANCHO: 21,9 CM \u2022 ALTO: 50,8 CM \u2022 LARGO: 24 CM \u2022 PESO: 4300 GR<\/p>\n","protected":false},"excerpt":{"rendered":"<p>* Cuchillas de alta eficiencia fabricadas en acero inoxidable endurecido por tratamiento t\u00e9rmico. * Bot\u00f3n de encendido-apagado con pulso y control de velocidad. * Recomendado para preparar jugos y batidos. * Potencia de motor 1200 W &#8211; 220V-50-60hZ. * Rotaci\u00f3n 25000 Rpm. * Capacidad 2.8 litros. MEDIDAS DEL PRODUCTO. * Frente 219 mm. * Lateral 240 mm. * Altura 508 mm. Im\u00e1genes meramente ilustrativas. Im\u00e1genes e informaci\u00f3n sujetas a cambios sin previo aviso.<\/p>\n","protected":false},"featured_media":3970,"comment_status":"open","ping_status":"closed","template":"","meta":{"_et_pb_use_builder":"","_et_pb_old_content":"","_et_gb_content_width":""},"product_brand":[],"product_cat":[33,39],"product_tag":[],"class_list":{"0":"post-3971","1":"product","2":"type-product","3":"status-publish","4":"has-post-thumbnail","6":"product_cat-cocina-y-comedor","7":"product_cat-industria-comercio-y-campo","9":"first","10":"instock","11":"shipping-taxable","12":"purchasable","13":"product-type-simple"},"_links":{"self":[{"href":"https:\/\/rubi.com.py\/index.php\/wp-json\/wp\/v2\/product\/3971","targetHints":{"allow":["GET"]}}],"collection":[{"href":"https:\/\/rubi.com.py\/index.php\/wp-json\/wp\/v2\/product"}],"about":[{"href":"https:\/\/rubi.com.py\/index.php\/wp-json\/wp\/v2\/types\/product"}],"replies":[{"embeddable":true,"href":"https:\/\/rubi.com.py\/index.php\/wp-json\/wp\/v2\/comments?post=3971"}],"wp:featuredmedia":[{"embeddable":true,"href":"https:\/\/rubi.com.py\/index.php\/wp-json\/wp\/v2\/media\/3970"}],"wp:attachment":[{"href":"https:\/\/rubi.com.py\/index.php\/wp-json\/wp\/v2\/media?parent=3971"}],"wp:term":[{"taxonomy":"product_brand","embeddable":true,"href":"https:\/\/rubi.com.py\/index.php\/wp-json\/wp\/v2\/product_brand?post=3971"},{"taxonomy":"product_cat","embeddable":true,"href":"https:\/\/rubi.com.py\/index.php\/wp-json\/wp\/v2\/product_cat?post=3971"},{"taxonomy":"product_tag","embeddable":true,"href":"https:\/\/rubi.com.py\/index.php\/wp-json\/wp\/v2\/product_tag?post=3971"}],"curies":[{"name":"wp","href":"https:\/\/api.w.org\/{rel}","templated":true}]}}