{"id":3973,"date":"2026-04-19T23:23:40","date_gmt":"2026-04-19T21:23:40","guid":{"rendered":"https:\/\/rubi.com.py\/index.php\/producto\/licuadora-industrial-metvisa-mod-lql-8-1-2cv\/"},"modified":"2026-04-19T23:23:40","modified_gmt":"2026-04-19T21:23:40","slug":"licuadora-industrial-metvisa-mod-lql-8-1-2cv","status":"publish","type":"product","link":"https:\/\/rubi.com.py\/index.php\/producto\/licuadora-industrial-metvisa-mod-lql-8-1-2cv\/","title":{"rendered":"LICUADORA INDUSTRIAL METVISA MOD LQL-8-1\/2CV"},"content":{"rendered":"<p>* Triturar varios productos con adici\u00f3n de l\u00edquido y la disolucion de frutas. * Exterior en acero inoxidable. * Bajo consumo de energ\u00eda. * Frecuencia220 V- 50 Hz. * Pies estabilizadores. * Rotaci\u00f3n 3410 rpm. * Capaciasd 8 Litros. * Potencia 0.75 Hp. * Capacidad 8 litros. * Peso 9.800 Kg. MEDIDAS DEL PRODUCTO. * Altura 760 mm. * Profundidad 230 mm. * Ancho 230 mm. Im\u00e1genes meramente ilustrativas. Im\u00e1genes e informaci\u00f3n sujetas a cambios sin previo aviso. Detalles t\u00e9cnicos: \u2022 CAPACIDAD: 8 Litros \u2022 ANCHO: 25 CM \u2022 ALTO: 45 CM \u2022 LARGO: 44 CM \u2022 PESO: 12100 GR<\/p>\n","protected":false},"excerpt":{"rendered":"<p>* Triturar varios productos con adici\u00f3n de l\u00edquido y la disolucion de frutas. * Exterior en acero inoxidable. * Bajo consumo de energ\u00eda. * Frecuencia220 V- 50 Hz. * Pies estabilizadores. * Rotaci\u00f3n 3410 rpm. * Capaciasd 8 Litros. * Potencia 0.75 Hp. * Capacidad 8 litros. * Peso 9.800 Kg. MEDIDAS DEL PRODUCTO. * Altura 760 mm. * Profundidad 230 mm. * Ancho 230 mm. Im\u00e1genes meramente ilustrativas. Im\u00e1genes e informaci\u00f3n sujetas a cambios sin previo aviso.<\/p>\n","protected":false},"featured_media":3972,"comment_status":"open","ping_status":"closed","template":"","meta":{"_et_pb_use_builder":"","_et_pb_old_content":"","_et_gb_content_width":""},"product_brand":[],"product_cat":[33,39],"product_tag":[],"class_list":{"0":"post-3973","1":"product","2":"type-product","3":"status-publish","4":"has-post-thumbnail","6":"product_cat-cocina-y-comedor","7":"product_cat-industria-comercio-y-campo","9":"first","10":"instock","11":"shipping-taxable","12":"purchasable","13":"product-type-simple"},"_links":{"self":[{"href":"https:\/\/rubi.com.py\/index.php\/wp-json\/wp\/v2\/product\/3973","targetHints":{"allow":["GET"]}}],"collection":[{"href":"https:\/\/rubi.com.py\/index.php\/wp-json\/wp\/v2\/product"}],"about":[{"href":"https:\/\/rubi.com.py\/index.php\/wp-json\/wp\/v2\/types\/product"}],"replies":[{"embeddable":true,"href":"https:\/\/rubi.com.py\/index.php\/wp-json\/wp\/v2\/comments?post=3973"}],"wp:featuredmedia":[{"embeddable":true,"href":"https:\/\/rubi.com.py\/index.php\/wp-json\/wp\/v2\/media\/3972"}],"wp:attachment":[{"href":"https:\/\/rubi.com.py\/index.php\/wp-json\/wp\/v2\/media?parent=3973"}],"wp:term":[{"taxonomy":"product_brand","embeddable":true,"href":"https:\/\/rubi.com.py\/index.php\/wp-json\/wp\/v2\/product_brand?post=3973"},{"taxonomy":"product_cat","embeddable":true,"href":"https:\/\/rubi.com.py\/index.php\/wp-json\/wp\/v2\/product_cat?post=3973"},{"taxonomy":"product_tag","embeddable":true,"href":"https:\/\/rubi.com.py\/index.php\/wp-json\/wp\/v2\/product_tag?post=3973"}],"curies":[{"name":"wp","href":"https:\/\/api.w.org\/{rel}","templated":true}]}}