{"id":3977,"date":"2026-04-19T23:37:25","date_gmt":"2026-04-19T21:37:25","guid":{"rendered":"https:\/\/rubi.com.py\/index.php\/producto\/vitrina-seca-platinum-ecosilkon-mod-csstp1500-inox-luz-1-5mts\/"},"modified":"2026-04-19T23:37:25","modified_gmt":"2026-04-19T21:37:25","slug":"vitrina-seca-platinum-ecosilkon-mod-csstp1500-inox-luz-1-5mts","status":"publish","type":"product","link":"https:\/\/rubi.com.py\/index.php\/producto\/vitrina-seca-platinum-ecosilkon-mod-csstp1500-inox-luz-1-5mts\/","title":{"rendered":"VITRINA SECA PLATINUM ECOSILKON MOD CSSTP1500 INOX LUZ 1.5MTS"},"content":{"rendered":"<p>* Confitera seca Super Top Platinum con 2 puertas. * Sistema de refrigeraci\u00f3n neutro. * Temperatura ambiente. * Consumo 0,009 kW-h. * Voltaje 220 V &#8211; 50 Hz. * Vidrio curvo templado. * Iluminaci\u00f3n LED. * Color blanco. * Peso 135 Kg. DIMENSIONES * Ancho 1500 mm. * Profundidad 900 mm. * Alto1270 mm. Im\u00e1genes meramente ilustrativas. Im\u00e1genes e informaci\u00f3n sujetas a cambios sin previo aviso. Detalles t\u00e9cnicos: \u2022 ANCHO: 102 CM \u2022 ALTO: 140 CM \u2022 LARGO: 161 CM \u2022 PESO: 170000 GR<\/p>\n","protected":false},"excerpt":{"rendered":"<p>* Confitera seca Super Top Platinum con 2 puertas. * Sistema de refrigeraci\u00f3n neutro. * Temperatura ambiente. * Consumo 0,009 kW-h. * Voltaje 220 V &#8211; 50 Hz. * Vidrio curvo templado. * Iluminaci\u00f3n LED. * Color blanco. * Peso 135 Kg. DIMENSIONES * Ancho 1500 mm. * Profundidad 900 mm. * Alto1270 mm. Im\u00e1genes meramente ilustrativas. Im\u00e1genes e informaci\u00f3n sujetas a cambios sin previo aviso.<\/p>\n","protected":false},"featured_media":3976,"comment_status":"open","ping_status":"closed","template":"","meta":{"_et_pb_use_builder":"","_et_pb_old_content":"","_et_gb_content_width":""},"product_brand":[],"product_cat":[33,39],"product_tag":[],"class_list":{"0":"post-3977","1":"product","2":"type-product","3":"status-publish","4":"has-post-thumbnail","6":"product_cat-cocina-y-comedor","7":"product_cat-industria-comercio-y-campo","9":"first","10":"instock","11":"shipping-taxable","12":"purchasable","13":"product-type-simple"},"_links":{"self":[{"href":"https:\/\/rubi.com.py\/index.php\/wp-json\/wp\/v2\/product\/3977","targetHints":{"allow":["GET"]}}],"collection":[{"href":"https:\/\/rubi.com.py\/index.php\/wp-json\/wp\/v2\/product"}],"about":[{"href":"https:\/\/rubi.com.py\/index.php\/wp-json\/wp\/v2\/types\/product"}],"replies":[{"embeddable":true,"href":"https:\/\/rubi.com.py\/index.php\/wp-json\/wp\/v2\/comments?post=3977"}],"wp:featuredmedia":[{"embeddable":true,"href":"https:\/\/rubi.com.py\/index.php\/wp-json\/wp\/v2\/media\/3976"}],"wp:attachment":[{"href":"https:\/\/rubi.com.py\/index.php\/wp-json\/wp\/v2\/media?parent=3977"}],"wp:term":[{"taxonomy":"product_brand","embeddable":true,"href":"https:\/\/rubi.com.py\/index.php\/wp-json\/wp\/v2\/product_brand?post=3977"},{"taxonomy":"product_cat","embeddable":true,"href":"https:\/\/rubi.com.py\/index.php\/wp-json\/wp\/v2\/product_cat?post=3977"},{"taxonomy":"product_tag","embeddable":true,"href":"https:\/\/rubi.com.py\/index.php\/wp-json\/wp\/v2\/product_tag?post=3977"}],"curies":[{"name":"wp","href":"https:\/\/api.w.org\/{rel}","templated":true}]}}