{"id":3979,"date":"2026-04-19T23:37:58","date_gmt":"2026-04-19T21:37:58","guid":{"rendered":"https:\/\/rubi.com.py\/index.php\/producto\/waflera-tok-industrial-mod-lrwb01-1-1kw-teflonada-termostato\/"},"modified":"2026-04-19T23:37:58","modified_gmt":"2026-04-19T21:37:58","slug":"waflera-tok-industrial-mod-lrwb01-1-1kw-teflonada-termostato","status":"publish","type":"product","link":"https:\/\/rubi.com.py\/index.php\/producto\/waflera-tok-industrial-mod-lrwb01-1-1kw-teflonada-termostato\/","title":{"rendered":"WAFLERA TOK INDUSTRIAL MOD LRWB01 1.1KW TEFLONADA-TERMOSTATO"},"content":{"rendered":"<p>* Estructura en acero inoxidable con base de tefl\u00f3n. * Llave encendido &#8211; apagado. * Dimensiones 25x43x25 cm. * Temperatura 0\u00b0 a 300\u00b0C. * Potencia 1200 W. * Luz piloto. * Timer. Im\u00e1genes meramente ilustrativas. Im\u00e1genes e informaci\u00f3n sujetas a cambios sin previo aviso. Detalles t\u00e9cnicos: \u2022 ANCHO: 30 CM \u2022 ALTO: 30 CM \u2022 LARGO: 42 CM \u2022 PESO: 8800 GR<\/p>\n","protected":false},"excerpt":{"rendered":"<p>* Estructura en acero inoxidable con base de tefl\u00f3n. * Llave encendido &#8211; apagado. * Dimensiones 25x43x25 cm. * Temperatura 0\u00b0 a 300\u00b0C. * Potencia 1200 W. * Luz piloto. * Timer. Im\u00e1genes meramente ilustrativas. Im\u00e1genes e informaci\u00f3n sujetas a cambios sin previo aviso.<\/p>\n","protected":false},"featured_media":3978,"comment_status":"open","ping_status":"closed","template":"","meta":{"_et_pb_use_builder":"","_et_pb_old_content":"","_et_gb_content_width":""},"product_brand":[],"product_cat":[33],"product_tag":[],"class_list":{"0":"post-3979","1":"product","2":"type-product","3":"status-publish","4":"has-post-thumbnail","6":"product_cat-cocina-y-comedor","8":"first","9":"instock","10":"shipping-taxable","11":"purchasable","12":"product-type-simple"},"_links":{"self":[{"href":"https:\/\/rubi.com.py\/index.php\/wp-json\/wp\/v2\/product\/3979","targetHints":{"allow":["GET"]}}],"collection":[{"href":"https:\/\/rubi.com.py\/index.php\/wp-json\/wp\/v2\/product"}],"about":[{"href":"https:\/\/rubi.com.py\/index.php\/wp-json\/wp\/v2\/types\/product"}],"replies":[{"embeddable":true,"href":"https:\/\/rubi.com.py\/index.php\/wp-json\/wp\/v2\/comments?post=3979"}],"wp:featuredmedia":[{"embeddable":true,"href":"https:\/\/rubi.com.py\/index.php\/wp-json\/wp\/v2\/media\/3978"}],"wp:attachment":[{"href":"https:\/\/rubi.com.py\/index.php\/wp-json\/wp\/v2\/media?parent=3979"}],"wp:term":[{"taxonomy":"product_brand","embeddable":true,"href":"https:\/\/rubi.com.py\/index.php\/wp-json\/wp\/v2\/product_brand?post=3979"},{"taxonomy":"product_cat","embeddable":true,"href":"https:\/\/rubi.com.py\/index.php\/wp-json\/wp\/v2\/product_cat?post=3979"},{"taxonomy":"product_tag","embeddable":true,"href":"https:\/\/rubi.com.py\/index.php\/wp-json\/wp\/v2\/product_tag?post=3979"}],"curies":[{"name":"wp","href":"https:\/\/api.w.org\/{rel}","templated":true}]}}