{"id":3983,"date":"2026-04-19T23:38:59","date_gmt":"2026-04-19T21:38:59","guid":{"rendered":"https:\/\/rubi.com.py\/index.php\/producto\/tv-jvc-43-smart-fhd-google-mod-lt43km348\/"},"modified":"2026-04-19T23:38:59","modified_gmt":"2026-04-19T21:38:59","slug":"tv-jvc-43-smart-fhd-google-mod-lt43km348","status":"publish","type":"product","link":"https:\/\/rubi.com.py\/index.php\/producto\/tv-jvc-43-smart-fhd-google-mod-lt43km348\/","title":{"rendered":"TV JVC 43 SMART FHD GOOGLE MOD LT43KM348"},"content":{"rendered":"<p>* Frameless. * Resoluci\u00f3n HD. * 2 HDMI. * 2 USB. * LAN RJ-45. * Audio OUT. * Built-in. * WiFi. * Bluetooth. * Dolby Audio \u00ae. * Control remoto con Google Assistant One-click Netflix y YouTube. * Google Play, HBO max, Disney+, Youtube, Netflix. * Chromecast Inclu\u00eddo. * Google Cast. Im\u00e1genes meramente ilustrativas. Im\u00e1genes e informaci\u00f3n sujetas a cambios sin previo aviso. Detalles t\u00e9cnicos: \u2022 ANCHO: 12,6 CM \u2022 ALTO: 62,5 CM \u2022 LARGO: 104,5 CM \u2022 PESO: 7820 GR<\/p>\n","protected":false},"excerpt":{"rendered":"<p>* Frameless. * Resoluci\u00f3n HD. * 2 HDMI. * 2 USB. * LAN RJ-45. * Audio OUT. * Built-in. * WiFi. * Bluetooth. * Dolby Audio \u00ae. * Control remoto con Google Assistant One-click Netflix y YouTube. * Google Play, HBO max, Disney+, Youtube, Netflix. * Chromecast Inclu\u00eddo. * Google Cast. Im\u00e1genes meramente ilustrativas. Im\u00e1genes e informaci\u00f3n sujetas a cambios sin previo aviso.<\/p>\n","protected":false},"featured_media":3982,"comment_status":"open","ping_status":"closed","template":"","meta":{"_et_pb_use_builder":"","_et_pb_old_content":"","_et_gb_content_width":""},"product_brand":[],"product_cat":[46],"product_tag":[],"class_list":{"0":"post-3983","1":"product","2":"type-product","3":"status-publish","4":"has-post-thumbnail","6":"product_cat-tecnologia","8":"first","9":"instock","10":"shipping-taxable","11":"purchasable","12":"product-type-simple"},"_links":{"self":[{"href":"https:\/\/rubi.com.py\/index.php\/wp-json\/wp\/v2\/product\/3983","targetHints":{"allow":["GET"]}}],"collection":[{"href":"https:\/\/rubi.com.py\/index.php\/wp-json\/wp\/v2\/product"}],"about":[{"href":"https:\/\/rubi.com.py\/index.php\/wp-json\/wp\/v2\/types\/product"}],"replies":[{"embeddable":true,"href":"https:\/\/rubi.com.py\/index.php\/wp-json\/wp\/v2\/comments?post=3983"}],"wp:featuredmedia":[{"embeddable":true,"href":"https:\/\/rubi.com.py\/index.php\/wp-json\/wp\/v2\/media\/3982"}],"wp:attachment":[{"href":"https:\/\/rubi.com.py\/index.php\/wp-json\/wp\/v2\/media?parent=3983"}],"wp:term":[{"taxonomy":"product_brand","embeddable":true,"href":"https:\/\/rubi.com.py\/index.php\/wp-json\/wp\/v2\/product_brand?post=3983"},{"taxonomy":"product_cat","embeddable":true,"href":"https:\/\/rubi.com.py\/index.php\/wp-json\/wp\/v2\/product_cat?post=3983"},{"taxonomy":"product_tag","embeddable":true,"href":"https:\/\/rubi.com.py\/index.php\/wp-json\/wp\/v2\/product_tag?post=3983"}],"curies":[{"name":"wp","href":"https:\/\/api.w.org\/{rel}","templated":true}]}}