{"id":3990,"date":"2026-04-19T23:42:28","date_gmt":"2026-04-19T21:42:28","guid":{"rendered":"https:\/\/rubi.com.py\/index.php\/producto\/visicooler-p-beb-ecosilkon-ld60a400fs-1-a10c-frioseco-400l-digit\/"},"modified":"2026-04-19T23:42:34","modified_gmt":"2026-04-19T21:42:34","slug":"visicooler-p-beb-ecosilkon-ld60a400fs-1-a10c-frioseco-400l-digit","status":"publish","type":"product","link":"https:\/\/rubi.com.py\/index.php\/producto\/visicooler-p-beb-ecosilkon-ld60a400fs-1-a10c-frioseco-400l-digit\/","title":{"rendered":"VISICOOLER P\/BEB ECOSILKON LD60A400FS 1 A10C FRIOSECO 400L DIGIT"},"content":{"rendered":"<p>* Gabinete interno Placa de aluminio pre pintada con color blanco. * Sistema de refrigeraci\u00f3n por ventilador sin escarcha. * Puerta con doble vidrio, uno en templado. * Controlador de temperatura digital. * Gabinete externo Placa de acero. * Temperatura interior 0 a 10 \u00b0C. * Clase clim\u00e1tica T (Tropical). * Consumo 2,6 kWh &#8211; 24h. * Voltaje 220 V &#8211; 50 Hz. * Auto descongelaci\u00f3n. * Refrigerante R134a. * Interruptor de luz. * Capacidad 370 L. * Luz interior LED. * 4 estanter\u00edas. * Peso 72 Kg. * MEDIDAS DEL PRODUCTO. * Ancho 610 mm. * Profundidad 610 mm. * Alto 1973 mm. Im\u00e1genes meramente ilustrativas. Im\u00e1genes e informaci\u00f3n sujetas a cambios sin previo aviso. Detalles t\u00e9cnicos: \u2022 ANCHO: 64 CM \u2022 ALTO: 198 CM \u2022 LARGO: 66 CM \u2022 PESO: 78000 GR<\/p>\n","protected":false},"excerpt":{"rendered":"<p>* Gabinete interno Placa de aluminio pre pintada con color blanco. * Sistema de refrigeraci\u00f3n por ventilador sin escarcha. * Puerta con doble vidrio, uno en templado. * Controlador de temperatura digital. * Gabinete externo Placa de acero. * Temperatura interior 0 a 10 \u00b0C. * Clase clim\u00e1tica T (Tropical). * Consumo 2,6 kWh &#8211; 24h. * Voltaje 220 V &#8211; 50 Hz. * Auto descongelaci\u00f3n. * Refrigerante R134a. * Interruptor de luz. * Capacidad 370 L. * Luz interior LED. * 4 estanter\u00edas. * Peso 72 Kg. * MEDIDAS DEL PRODUCTO. * Ancho 610 mm. * Profundidad 610 mm. * Alto 1973 mm. Im\u00e1genes meramente ilustrativas. Im\u00e1genes e informaci\u00f3n sujetas a cambios sin previo aviso.<\/p>\n","protected":false},"featured_media":3991,"comment_status":"open","ping_status":"closed","template":"","meta":{"_et_pb_use_builder":"","_et_pb_old_content":"","_et_gb_content_width":""},"product_brand":[],"product_cat":[43],"product_tag":[],"class_list":{"0":"post-3990","1":"product","2":"type-product","3":"status-publish","4":"has-post-thumbnail","6":"product_cat-refrigeracion","8":"first","9":"instock","10":"shipping-taxable","11":"purchasable","12":"product-type-simple"},"_links":{"self":[{"href":"https:\/\/rubi.com.py\/index.php\/wp-json\/wp\/v2\/product\/3990","targetHints":{"allow":["GET"]}}],"collection":[{"href":"https:\/\/rubi.com.py\/index.php\/wp-json\/wp\/v2\/product"}],"about":[{"href":"https:\/\/rubi.com.py\/index.php\/wp-json\/wp\/v2\/types\/product"}],"replies":[{"embeddable":true,"href":"https:\/\/rubi.com.py\/index.php\/wp-json\/wp\/v2\/comments?post=3990"}],"wp:featuredmedia":[{"embeddable":true,"href":"https:\/\/rubi.com.py\/index.php\/wp-json\/wp\/v2\/media\/3991"}],"wp:attachment":[{"href":"https:\/\/rubi.com.py\/index.php\/wp-json\/wp\/v2\/media?parent=3990"}],"wp:term":[{"taxonomy":"product_brand","embeddable":true,"href":"https:\/\/rubi.com.py\/index.php\/wp-json\/wp\/v2\/product_brand?post=3990"},{"taxonomy":"product_cat","embeddable":true,"href":"https:\/\/rubi.com.py\/index.php\/wp-json\/wp\/v2\/product_cat?post=3990"},{"taxonomy":"product_tag","embeddable":true,"href":"https:\/\/rubi.com.py\/index.php\/wp-json\/wp\/v2\/product_tag?post=3990"}],"curies":[{"name":"wp","href":"https:\/\/api.w.org\/{rel}","templated":true}]}}