{"id":3993,"date":"2026-04-19T23:46:07","date_gmt":"2026-04-19T21:46:07","guid":{"rendered":"https:\/\/rubi.com.py\/index.php\/producto\/horno-microondas-20l-em720cxx-b-negro-60hz\/"},"modified":"2026-04-19T23:46:07","modified_gmt":"2026-04-19T21:46:07","slug":"horno-microondas-20l-em720cxx-b-negro-60hz","status":"publish","type":"product","link":"https:\/\/rubi.com.py\/index.php\/producto\/horno-microondas-20l-em720cxx-b-negro-60hz\/","title":{"rendered":"HORNO MICROONDAS 20L EM720CXX-B NEGRO 60HZ"},"content":{"rendered":"<p>HORNO MICROONDAS 20L EM720CXX-B NEGRO 60HZ Caracter\u00edsticas: -Potencia: 1050W. -Capacidad: 20 Litros. -Display Led. -Panel de control t\u00e1ctil. -6 funciones preestablecidas: palomitas de ma\u00edz, papas, vegetales congelados, bebidas, cena, pizza. -Funci\u00f3n de bloqueo para ni\u00f1os. -Funci\u00f3n descongelado por peso \/ por tiempo. -Funci\u00f3n memoria. -Cocci\u00f3n multi-etapa.<\/p>\n","protected":false},"excerpt":{"rendered":"<p>HORNO MICROONDAS 20L EM720CXX-B NEGRO 60HZ<\/p>\n","protected":false},"featured_media":3992,"comment_status":"open","ping_status":"closed","template":"","meta":{"_et_pb_use_builder":"","_et_pb_old_content":"","_et_gb_content_width":""},"product_brand":[],"product_cat":[33],"product_tag":[],"class_list":{"0":"post-3993","1":"product","2":"type-product","3":"status-publish","4":"has-post-thumbnail","6":"product_cat-cocina-y-comedor","8":"first","9":"instock","10":"shipping-taxable","11":"purchasable","12":"product-type-simple"},"_links":{"self":[{"href":"https:\/\/rubi.com.py\/index.php\/wp-json\/wp\/v2\/product\/3993","targetHints":{"allow":["GET"]}}],"collection":[{"href":"https:\/\/rubi.com.py\/index.php\/wp-json\/wp\/v2\/product"}],"about":[{"href":"https:\/\/rubi.com.py\/index.php\/wp-json\/wp\/v2\/types\/product"}],"replies":[{"embeddable":true,"href":"https:\/\/rubi.com.py\/index.php\/wp-json\/wp\/v2\/comments?post=3993"}],"wp:featuredmedia":[{"embeddable":true,"href":"https:\/\/rubi.com.py\/index.php\/wp-json\/wp\/v2\/media\/3992"}],"wp:attachment":[{"href":"https:\/\/rubi.com.py\/index.php\/wp-json\/wp\/v2\/media?parent=3993"}],"wp:term":[{"taxonomy":"product_brand","embeddable":true,"href":"https:\/\/rubi.com.py\/index.php\/wp-json\/wp\/v2\/product_brand?post=3993"},{"taxonomy":"product_cat","embeddable":true,"href":"https:\/\/rubi.com.py\/index.php\/wp-json\/wp\/v2\/product_cat?post=3993"},{"taxonomy":"product_tag","embeddable":true,"href":"https:\/\/rubi.com.py\/index.php\/wp-json\/wp\/v2\/product_tag?post=3993"}],"curies":[{"name":"wp","href":"https:\/\/api.w.org\/{rel}","templated":true}]}}