{"id":3994,"date":"2026-04-19T23:46:51","date_gmt":"2026-04-19T21:46:51","guid":{"rendered":"https:\/\/rubi.com.py\/index.php\/producto\/camara-doble-3030-2304x2592-kuc-686\/"},"modified":"2026-04-19T23:46:51","modified_gmt":"2026-04-19T21:46:51","slug":"camara-doble-3030-2304x2592-kuc-686","status":"publish","type":"product","link":"https:\/\/rubi.com.py\/index.php\/producto\/camara-doble-3030-2304x2592-kuc-686\/","title":{"rendered":"C\u00c1MARA DOBLE 3,0+3,0 2304X2592 KUC-686"},"content":{"rendered":"<p>C\u00c1MARA DOBLE 3,0+3,0 2304X2592 KUC-686 Caracter\u00edsticas: \u00b7 C\u00e1mara IP con alarma AI. \u00b7 Doble lente simult\u00e1neo: c\u00e1mara est\u00e1tica y din\u00e1mica, conexi\u00f3n coordinada. \u00b7 Doble iluminaci\u00f3n: 18 luces blancas + 18 luces IR. \u00b7 Visi\u00f3n Diurna y Nocturna a todo color. \u00b7 Alarma de sirena con luz. \u00b7 Distancia efectiva: hasta 20-30m. \u00b7 Resoluci\u00f3n: 2304 x 2592. \u00b7 Detecci\u00f3n y seguimiento humanoide de varias personas. \u00b7 Audio bidireccional: Para hablar y escuchar. \u00b7 Almacenamiento en la nube y en tarjeta SD. \u00b7 Resistente a la lluvia IP66, apta para interior y exterior. \u00b7 Protocolo ONVIF. \u00b7 Conexi\u00f3n inal\u00e1mbrica BT y Wifi. \u00b7 Aplicaci\u00f3n: iCsee.<\/p>\n","protected":false},"excerpt":{"rendered":"<p>C\u00c1MARA DOBLE 3,0+3,0 2304X2592 KUC-686<\/p>\n","protected":false},"featured_media":0,"comment_status":"open","ping_status":"closed","template":"","meta":{"_et_pb_use_builder":"","_et_pb_old_content":"","_et_gb_content_width":""},"product_brand":[],"product_cat":[46],"product_tag":[],"class_list":{"0":"post-3994","1":"product","2":"type-product","3":"status-publish","5":"product_cat-tecnologia","7":"first","8":"instock","9":"shipping-taxable","10":"purchasable","11":"product-type-simple"},"_links":{"self":[{"href":"https:\/\/rubi.com.py\/index.php\/wp-json\/wp\/v2\/product\/3994","targetHints":{"allow":["GET"]}}],"collection":[{"href":"https:\/\/rubi.com.py\/index.php\/wp-json\/wp\/v2\/product"}],"about":[{"href":"https:\/\/rubi.com.py\/index.php\/wp-json\/wp\/v2\/types\/product"}],"replies":[{"embeddable":true,"href":"https:\/\/rubi.com.py\/index.php\/wp-json\/wp\/v2\/comments?post=3994"}],"wp:attachment":[{"href":"https:\/\/rubi.com.py\/index.php\/wp-json\/wp\/v2\/media?parent=3994"}],"wp:term":[{"taxonomy":"product_brand","embeddable":true,"href":"https:\/\/rubi.com.py\/index.php\/wp-json\/wp\/v2\/product_brand?post=3994"},{"taxonomy":"product_cat","embeddable":true,"href":"https:\/\/rubi.com.py\/index.php\/wp-json\/wp\/v2\/product_cat?post=3994"},{"taxonomy":"product_tag","embeddable":true,"href":"https:\/\/rubi.com.py\/index.php\/wp-json\/wp\/v2\/product_tag?post=3994"}],"curies":[{"name":"wp","href":"https:\/\/api.w.org\/{rel}","templated":true}]}}