{"id":3998,"date":"2026-04-19T23:47:25","date_gmt":"2026-04-19T21:47:25","guid":{"rendered":"https:\/\/rubi.com.py\/index.php\/producto\/freidora-digital-nappo-s-aceite-chef-xl-10l-nef-223\/"},"modified":"2026-04-19T23:47:25","modified_gmt":"2026-04-19T21:47:25","slug":"freidora-digital-nappo-s-aceite-chef-xl-10l-nef-223","status":"publish","type":"product","link":"https:\/\/rubi.com.py\/index.php\/producto\/freidora-digital-nappo-s-aceite-chef-xl-10l-nef-223\/","title":{"rendered":"FREIDORA DIGITAL NAPPO S\/ACEITE CHEF XL 10L NEF-223"},"content":{"rendered":"<p>FREIDORA DIGITAL NAPPO S\/ACEITE CHEF XL 10L NEF-223 Caracter\u00edsticas: -Freidora sin aceite (de aire) Digital. -Capacidad: 10L. -Potencia: 1350W. -Canasto con Ventana de visualizaci\u00f3n y Luz interior. -Panel t\u00e1ctil con pantalla. -10 funciones preestablecidas. -Temperatura ajustable: 80\u00ba hasta 200\u00baC. -Timer ajustable hasta 60 minutos. -Incluye: Rack, Asadera\/bandeja pinza met\u00e1lica y manopla.<\/p>\n","protected":false},"excerpt":{"rendered":"<p>FREIDORA DIGITAL NAPPO S\/ACEITE CHEF XL 10L NEF-223<\/p>\n","protected":false},"featured_media":3997,"comment_status":"open","ping_status":"closed","template":"","meta":{"_et_pb_use_builder":"","_et_pb_old_content":"","_et_gb_content_width":""},"product_brand":[],"product_cat":[33],"product_tag":[],"class_list":{"0":"post-3998","1":"product","2":"type-product","3":"status-publish","4":"has-post-thumbnail","6":"product_cat-cocina-y-comedor","8":"first","9":"instock","10":"shipping-taxable","11":"purchasable","12":"product-type-simple"},"_links":{"self":[{"href":"https:\/\/rubi.com.py\/index.php\/wp-json\/wp\/v2\/product\/3998","targetHints":{"allow":["GET"]}}],"collection":[{"href":"https:\/\/rubi.com.py\/index.php\/wp-json\/wp\/v2\/product"}],"about":[{"href":"https:\/\/rubi.com.py\/index.php\/wp-json\/wp\/v2\/types\/product"}],"replies":[{"embeddable":true,"href":"https:\/\/rubi.com.py\/index.php\/wp-json\/wp\/v2\/comments?post=3998"}],"wp:featuredmedia":[{"embeddable":true,"href":"https:\/\/rubi.com.py\/index.php\/wp-json\/wp\/v2\/media\/3997"}],"wp:attachment":[{"href":"https:\/\/rubi.com.py\/index.php\/wp-json\/wp\/v2\/media?parent=3998"}],"wp:term":[{"taxonomy":"product_brand","embeddable":true,"href":"https:\/\/rubi.com.py\/index.php\/wp-json\/wp\/v2\/product_brand?post=3998"},{"taxonomy":"product_cat","embeddable":true,"href":"https:\/\/rubi.com.py\/index.php\/wp-json\/wp\/v2\/product_cat?post=3998"},{"taxonomy":"product_tag","embeddable":true,"href":"https:\/\/rubi.com.py\/index.php\/wp-json\/wp\/v2\/product_tag?post=3998"}],"curies":[{"name":"wp","href":"https:\/\/api.w.org\/{rel}","templated":true}]}}