{"id":4003,"date":"2026-04-19T23:53:52","date_gmt":"2026-04-19T21:53:52","guid":{"rendered":"https:\/\/rubi.com.py\/index.php\/producto\/set-de-contenedores-rectangulares-4pcs-croix-crc-021\/"},"modified":"2026-04-19T23:53:52","modified_gmt":"2026-04-19T21:53:52","slug":"set-de-contenedores-rectangulares-4pcs-croix-crc-021","status":"publish","type":"product","link":"https:\/\/rubi.com.py\/index.php\/producto\/set-de-contenedores-rectangulares-4pcs-croix-crc-021\/","title":{"rendered":"SET DE CONTENEDORES RECTANGULARES 4PCS CROIX CRC-021"},"content":{"rendered":"<p>SET DE CONTENEDORES RECTANGULARES 4PCS CROIX CRC-021 Caracter\u00edsticas: HERM\u00c9TICO: El sello de silicona y el mecanismo de bloqueo de la tapa lateral garantizan la frescura de los alimentos y evitan derrames o fugas. Pr\u00e1ctico: el dise\u00f1o de boca ancha permite servir alimentos f\u00e1cil y r\u00e1pidamente sin tirarlos ni derramarlos fuera del recipiente. ERGON\u00d3MICO: C\u00f3modos agarres ergon\u00f3micos para sujetar sin aplicar fuerza. Dise\u00f1o graduado para medir porciones.ORGANIZACI\u00d3N PERFECTA: Las etiquetas incluidas te ayudar\u00e1n a organizar tu cocina y tener tus alimentos siempre a mano. ORDEN: Dise\u00f1ados para minimizar y organizar el espacio en tu cocina o despensa, puedes guardarlos o apilarlos en la alacena o refrigerador. 4 contenedores de 20,5 cm de largo x 20,5 cm de alto x 9,5 cm de ancho cada uno. Capacidad de 2,5 litros<\/p>\n","protected":false},"excerpt":{"rendered":"<p>SET DE CONTENEDORES RECTANGULARES 4PCS CROIX CRC-021<\/p>\n","protected":false},"featured_media":4002,"comment_status":"open","ping_status":"closed","template":"","meta":{"_et_pb_use_builder":"","_et_pb_old_content":"","_et_gb_content_width":""},"product_brand":[],"product_cat":[33],"product_tag":[],"class_list":{"0":"post-4003","1":"product","2":"type-product","3":"status-publish","4":"has-post-thumbnail","6":"product_cat-cocina-y-comedor","8":"first","9":"instock","10":"shipping-taxable","11":"purchasable","12":"product-type-simple"},"_links":{"self":[{"href":"https:\/\/rubi.com.py\/index.php\/wp-json\/wp\/v2\/product\/4003","targetHints":{"allow":["GET"]}}],"collection":[{"href":"https:\/\/rubi.com.py\/index.php\/wp-json\/wp\/v2\/product"}],"about":[{"href":"https:\/\/rubi.com.py\/index.php\/wp-json\/wp\/v2\/types\/product"}],"replies":[{"embeddable":true,"href":"https:\/\/rubi.com.py\/index.php\/wp-json\/wp\/v2\/comments?post=4003"}],"wp:featuredmedia":[{"embeddable":true,"href":"https:\/\/rubi.com.py\/index.php\/wp-json\/wp\/v2\/media\/4002"}],"wp:attachment":[{"href":"https:\/\/rubi.com.py\/index.php\/wp-json\/wp\/v2\/media?parent=4003"}],"wp:term":[{"taxonomy":"product_brand","embeddable":true,"href":"https:\/\/rubi.com.py\/index.php\/wp-json\/wp\/v2\/product_brand?post=4003"},{"taxonomy":"product_cat","embeddable":true,"href":"https:\/\/rubi.com.py\/index.php\/wp-json\/wp\/v2\/product_cat?post=4003"},{"taxonomy":"product_tag","embeddable":true,"href":"https:\/\/rubi.com.py\/index.php\/wp-json\/wp\/v2\/product_tag?post=4003"}],"curies":[{"name":"wp","href":"https:\/\/api.w.org\/{rel}","templated":true}]}}