{"id":4005,"date":"2026-04-19T23:54:15","date_gmt":"2026-04-19T21:54:15","guid":{"rendered":"https:\/\/rubi.com.py\/index.php\/producto\/rack-de-5-estantes-metal-madera-decoteam-dmo-033\/"},"modified":"2026-04-19T23:54:15","modified_gmt":"2026-04-19T21:54:15","slug":"rack-de-5-estantes-metal-madera-decoteam-dmo-033","status":"publish","type":"product","link":"https:\/\/rubi.com.py\/index.php\/producto\/rack-de-5-estantes-metal-madera-decoteam-dmo-033\/","title":{"rendered":"RACK DE 5 ESTANTES METAL + MADERA DECOTEAM DMO-033"},"content":{"rendered":"<p>RACK DE 5 ESTANTES METAL + MADERA DECOTEAM DMO-033 Caracter\u00edsticas: -Soluci\u00f3n de almacenamiento robusta y vers\u00e1til para una mayor optimizaci\u00f3n del espacio y organizaci\u00f3n-La configuraci\u00f3n de los estantes permite un f\u00e1cil acceso a los objetos almacenados-Estantes ajustables en altura-Puede separarse en 2 racks m\u00e1s peque\u00f1os de 90cm cada uno-Estructura durable y resistente-Capacidad de peso: 175kg por capa-F\u00e1cil de armar-Material: Acero y MDF-Ideal para colocar en oficina, garage, hogar, cuarto de lavado, etc-Dimensiones: 180 x 90 x 40cm-Peso: 11kg<\/p>\n","protected":false},"excerpt":{"rendered":"<p>RACK DE 5 ESTANTES METAL + MADERA DECOTEAM DMO-033<\/p>\n","protected":false},"featured_media":4004,"comment_status":"open","ping_status":"closed","template":"","meta":{"_et_pb_use_builder":"","_et_pb_old_content":"","_et_gb_content_width":""},"product_brand":[],"product_cat":[42],"product_tag":[],"class_list":{"0":"post-4005","1":"product","2":"type-product","3":"status-publish","4":"has-post-thumbnail","6":"product_cat-muebles","8":"first","9":"instock","10":"shipping-taxable","11":"purchasable","12":"product-type-simple"},"_links":{"self":[{"href":"https:\/\/rubi.com.py\/index.php\/wp-json\/wp\/v2\/product\/4005","targetHints":{"allow":["GET"]}}],"collection":[{"href":"https:\/\/rubi.com.py\/index.php\/wp-json\/wp\/v2\/product"}],"about":[{"href":"https:\/\/rubi.com.py\/index.php\/wp-json\/wp\/v2\/types\/product"}],"replies":[{"embeddable":true,"href":"https:\/\/rubi.com.py\/index.php\/wp-json\/wp\/v2\/comments?post=4005"}],"wp:featuredmedia":[{"embeddable":true,"href":"https:\/\/rubi.com.py\/index.php\/wp-json\/wp\/v2\/media\/4004"}],"wp:attachment":[{"href":"https:\/\/rubi.com.py\/index.php\/wp-json\/wp\/v2\/media?parent=4005"}],"wp:term":[{"taxonomy":"product_brand","embeddable":true,"href":"https:\/\/rubi.com.py\/index.php\/wp-json\/wp\/v2\/product_brand?post=4005"},{"taxonomy":"product_cat","embeddable":true,"href":"https:\/\/rubi.com.py\/index.php\/wp-json\/wp\/v2\/product_cat?post=4005"},{"taxonomy":"product_tag","embeddable":true,"href":"https:\/\/rubi.com.py\/index.php\/wp-json\/wp\/v2\/product_tag?post=4005"}],"curies":[{"name":"wp","href":"https:\/\/api.w.org\/{rel}","templated":true}]}}