{"id":401,"date":"2025-09-17T22:18:32","date_gmt":"2025-09-17T20:18:32","guid":{"rendered":"https:\/\/rubi.com.py\/index.php\/producto\/parlante-inalambrico-sony-srs-xe200-orange\/"},"modified":"2026-04-20T22:02:26","modified_gmt":"2026-04-20T20:02:26","slug":"parlante-inalambrico-sony-srs-xe200-orange","status":"publish","type":"product","link":"https:\/\/rubi.com.py\/index.php\/producto\/parlante-inalambrico-sony-srs-xe200-orange\/","title":{"rendered":"PARLANTE INALAMBRICO SONY SRS-XE200 ORANGE"},"content":{"rendered":"<p>* 2 woofers de 42 mm con parlantes X-Balanced para mayor presi\u00f3n ac\u00fastica y claridad. * Certificaci\u00f3n IP67 resistente al polvo y a inmersi\u00f3n de 1 m por 30 minutos. * Carga r\u00e1pida de 10 minutos para 70 minutos de reproducci\u00f3n. * Conexi\u00f3n hasta 100 parlantes Party Connect. * Modos de sonido Clear Audio+, DSEE. * Dise\u00f1o para uso horizontal y vertical. * Formato de audio AAC, SBC, LDAC. * Aplicaci\u00f3n Music Center-Fiestable. * Stereo Pair entre dos parlantes. * Difusor con forma de l\u00ednea. * Reproducci\u00f3n hasta 16 h. * Carga completa en 4 h. * Correa de transporte. * 2 radiadores pasivos. * Bluetooth 5.2. * Peso 800 g. Im\u00e1genes meramente ilustrativas. Im\u00e1genes e informaci\u00f3n sujetas a cambios sin previo aviso. Detalles t\u00e9cnicos: \u2022 ANCHO: 9 CM \u2022 ALTO: 20,8 CM \u2022 LARGO: 9,4 CM \u2022 PESO: 800 GR<\/p>\n","protected":false},"excerpt":{"rendered":"<p>* 2 woofers de 42 mm con parlantes X-Balanced para mayor presi\u00f3n ac\u00fastica y claridad. * Certificaci\u00f3n IP67 resistente al polvo y a inmersi\u00f3n de 1 m por 30 minutos. * Carga r\u00e1pida de 10 minutos para 70 minutos de reproducci\u00f3n. * Conexi\u00f3n hasta 100 parlantes Party Connect. * Modos de sonido Clear Audio+, DSEE. * Dise\u00f1o para uso horizontal y vertical. * Formato de audio AAC, SBC, LDAC. * Aplicaci\u00f3n Music Center-Fiestable. * Stereo Pair entre dos parlantes. * Difusor con forma de l\u00ednea. * Reproducci\u00f3n hasta 16 h. * Carga completa en 4 h. * Correa de transporte. * 2 radiadores pasivos. * Bluetooth 5.2. * Peso 800 g. Im\u00e1genes meramente ilustrativas. Im\u00e1genes e informaci\u00f3n sujetas a cambios sin previo aviso.<\/p>\n","protected":false},"featured_media":4587,"comment_status":"open","ping_status":"closed","template":"","meta":{"_et_pb_use_builder":"","_et_pb_old_content":"","_et_gb_content_width":""},"product_brand":[],"product_cat":[46],"product_tag":[],"class_list":{"0":"post-401","1":"product","2":"type-product","3":"status-publish","4":"has-post-thumbnail","6":"product_cat-tecnologia","8":"first","9":"instock","10":"shipping-taxable","11":"purchasable","12":"product-type-simple"},"_links":{"self":[{"href":"https:\/\/rubi.com.py\/index.php\/wp-json\/wp\/v2\/product\/401","targetHints":{"allow":["GET"]}}],"collection":[{"href":"https:\/\/rubi.com.py\/index.php\/wp-json\/wp\/v2\/product"}],"about":[{"href":"https:\/\/rubi.com.py\/index.php\/wp-json\/wp\/v2\/types\/product"}],"replies":[{"embeddable":true,"href":"https:\/\/rubi.com.py\/index.php\/wp-json\/wp\/v2\/comments?post=401"}],"wp:featuredmedia":[{"embeddable":true,"href":"https:\/\/rubi.com.py\/index.php\/wp-json\/wp\/v2\/media\/4587"}],"wp:attachment":[{"href":"https:\/\/rubi.com.py\/index.php\/wp-json\/wp\/v2\/media?parent=401"}],"wp:term":[{"taxonomy":"product_brand","embeddable":true,"href":"https:\/\/rubi.com.py\/index.php\/wp-json\/wp\/v2\/product_brand?post=401"},{"taxonomy":"product_cat","embeddable":true,"href":"https:\/\/rubi.com.py\/index.php\/wp-json\/wp\/v2\/product_cat?post=401"},{"taxonomy":"product_tag","embeddable":true,"href":"https:\/\/rubi.com.py\/index.php\/wp-json\/wp\/v2\/product_tag?post=401"}],"curies":[{"name":"wp","href":"https:\/\/api.w.org\/{rel}","templated":true}]}}