{"id":4011,"date":"2026-04-19T23:55:10","date_gmt":"2026-04-19T21:55:10","guid":{"rendered":"https:\/\/rubi.com.py\/index.php\/producto\/cafetera-3-en-1-multicapsulas-nappo-negra-nec-215\/"},"modified":"2026-04-19T23:55:10","modified_gmt":"2026-04-19T21:55:10","slug":"cafetera-3-en-1-multicapsulas-nappo-negra-nec-215","status":"publish","type":"product","link":"https:\/\/rubi.com.py\/index.php\/producto\/cafetera-3-en-1-multicapsulas-nappo-negra-nec-215\/","title":{"rendered":"CAFETERA 3 EN 1 MULTIC\u00c1PSULAS NAPPO NEGRA NEC-215"},"content":{"rendered":"<p>CAFETERA 3 EN 1 MULTIC\u00c1PSULAS NAPPO NEGRA NEC-215 Caracter\u00edsticas: -Cafetera Multic\u00e1psula 3 en 1: -C\u00e1psulas Nespresso, C\u00e1psulas Dolce Gusto o Caf\u00e9 Molido. -Regulador de volumen: Taza peque\u00f1a de 40ml o taza grande de 110ml. -Bomba de 20 bar de presi\u00f3n para caf\u00e9s con buena espuma. -Tanque de agua removible de 700ml.<\/p>\n","protected":false},"excerpt":{"rendered":"<p>CAFETERA 3 EN 1 MULTIC\u00c1PSULAS NAPPO NEGRA NEC-215<\/p>\n","protected":false},"featured_media":4010,"comment_status":"open","ping_status":"closed","template":"","meta":{"_et_pb_use_builder":"","_et_pb_old_content":"","_et_gb_content_width":""},"product_brand":[],"product_cat":[33],"product_tag":[],"class_list":{"0":"post-4011","1":"product","2":"type-product","3":"status-publish","4":"has-post-thumbnail","6":"product_cat-cocina-y-comedor","8":"first","9":"instock","10":"shipping-taxable","11":"purchasable","12":"product-type-simple"},"_links":{"self":[{"href":"https:\/\/rubi.com.py\/index.php\/wp-json\/wp\/v2\/product\/4011","targetHints":{"allow":["GET"]}}],"collection":[{"href":"https:\/\/rubi.com.py\/index.php\/wp-json\/wp\/v2\/product"}],"about":[{"href":"https:\/\/rubi.com.py\/index.php\/wp-json\/wp\/v2\/types\/product"}],"replies":[{"embeddable":true,"href":"https:\/\/rubi.com.py\/index.php\/wp-json\/wp\/v2\/comments?post=4011"}],"wp:featuredmedia":[{"embeddable":true,"href":"https:\/\/rubi.com.py\/index.php\/wp-json\/wp\/v2\/media\/4010"}],"wp:attachment":[{"href":"https:\/\/rubi.com.py\/index.php\/wp-json\/wp\/v2\/media?parent=4011"}],"wp:term":[{"taxonomy":"product_brand","embeddable":true,"href":"https:\/\/rubi.com.py\/index.php\/wp-json\/wp\/v2\/product_brand?post=4011"},{"taxonomy":"product_cat","embeddable":true,"href":"https:\/\/rubi.com.py\/index.php\/wp-json\/wp\/v2\/product_cat?post=4011"},{"taxonomy":"product_tag","embeddable":true,"href":"https:\/\/rubi.com.py\/index.php\/wp-json\/wp\/v2\/product_tag?post=4011"}],"curies":[{"name":"wp","href":"https:\/\/api.w.org\/{rel}","templated":true}]}}