{"id":4015,"date":"2026-04-19T23:55:50","date_gmt":"2026-04-19T21:55:50","guid":{"rendered":"https:\/\/rubi.com.py\/index.php\/producto\/auricular-kolke-intrauditivo-tws-con-display-led-y-luz-kab-683\/"},"modified":"2026-04-19T23:55:50","modified_gmt":"2026-04-19T21:55:50","slug":"auricular-kolke-intrauditivo-tws-con-display-led-y-luz-kab-683","status":"publish","type":"product","link":"https:\/\/rubi.com.py\/index.php\/producto\/auricular-kolke-intrauditivo-tws-con-display-led-y-luz-kab-683\/","title":{"rendered":"AURICULAR KOLKE INTRAUDITIVO TWS CON DISPLAY LED Y LUZ KAB-683"},"content":{"rendered":"<p>AURICULAR KOLKE INTRAUDITIVO TWS CON DISPLAY LED Y LUZ KAB-683 Caracter\u00edsticas: -Auricular TWS con estuche para carga. -Pantalla Led. -Distancia de trabajo: hasta 10m. -Bater\u00eda de auriculares: 30mAh. -Bater\u00eda estuche cargador: 200mAh. -Autonom\u00eda: hasta 3 hs. -Autonom\u00eda total: 12hs. -Tiempo de carga: 1 hr. -Control t\u00e1ctil en los auriculares. -Micr\u00f3fono incorporado. -Incluye cable de carga.<\/p>\n","protected":false},"excerpt":{"rendered":"<p>AURICULAR KOLKE INTRAUDITIVO TWS CON DISPLAY LED Y LUZ KAB-683<\/p>\n","protected":false},"featured_media":4014,"comment_status":"open","ping_status":"closed","template":"","meta":{"_et_pb_use_builder":"","_et_pb_old_content":"","_et_gb_content_width":""},"product_brand":[],"product_cat":[46],"product_tag":[],"class_list":{"0":"post-4015","1":"product","2":"type-product","3":"status-publish","4":"has-post-thumbnail","6":"product_cat-tecnologia","8":"first","9":"instock","10":"shipping-taxable","11":"purchasable","12":"product-type-simple"},"_links":{"self":[{"href":"https:\/\/rubi.com.py\/index.php\/wp-json\/wp\/v2\/product\/4015","targetHints":{"allow":["GET"]}}],"collection":[{"href":"https:\/\/rubi.com.py\/index.php\/wp-json\/wp\/v2\/product"}],"about":[{"href":"https:\/\/rubi.com.py\/index.php\/wp-json\/wp\/v2\/types\/product"}],"replies":[{"embeddable":true,"href":"https:\/\/rubi.com.py\/index.php\/wp-json\/wp\/v2\/comments?post=4015"}],"wp:featuredmedia":[{"embeddable":true,"href":"https:\/\/rubi.com.py\/index.php\/wp-json\/wp\/v2\/media\/4014"}],"wp:attachment":[{"href":"https:\/\/rubi.com.py\/index.php\/wp-json\/wp\/v2\/media?parent=4015"}],"wp:term":[{"taxonomy":"product_brand","embeddable":true,"href":"https:\/\/rubi.com.py\/index.php\/wp-json\/wp\/v2\/product_brand?post=4015"},{"taxonomy":"product_cat","embeddable":true,"href":"https:\/\/rubi.com.py\/index.php\/wp-json\/wp\/v2\/product_cat?post=4015"},{"taxonomy":"product_tag","embeddable":true,"href":"https:\/\/rubi.com.py\/index.php\/wp-json\/wp\/v2\/product_tag?post=4015"}],"curies":[{"name":"wp","href":"https:\/\/api.w.org\/{rel}","templated":true}]}}