{"id":4019,"date":"2026-04-19T23:56:45","date_gmt":"2026-04-19T21:56:45","guid":{"rendered":"https:\/\/rubi.com.py\/index.php\/producto\/freidora-sin-aceite-nappo-digital-7l-negra-nef-218\/"},"modified":"2026-04-21T02:26:59","modified_gmt":"2026-04-21T00:26:59","slug":"freidora-sin-aceite-nappo-digital-7l-negra-nef-218","status":"publish","type":"product","link":"https:\/\/rubi.com.py\/index.php\/producto\/freidora-sin-aceite-nappo-digital-7l-negra-nef-218\/","title":{"rendered":"FREIDORA SIN ACEITE NAPPO DIGITAL 7L NEGRA NEF-218"},"content":{"rendered":"<p>FREIDORA SIN ACEITE NAPPO DIGITAL 7L NEGRA NEF-218 Caracter\u00edsticas: -Freidora sin aceite (de aire) Digital. -Capacidad: 7L. -Potencia: 1600W. -Canasto con Ventana de visualizaci\u00f3n y Luz interior. -Panel t\u00e1ctil con pantalla. -12 funciones preestablecidas. -Temperatura ajustable de 80\u00ba hasta 200\u00baC. -Timer ajustable hasta 60 minutos. -Incluye: pinza met\u00e1lica<\/p>\n","protected":false},"excerpt":{"rendered":"<p>FREIDORA SIN ACEITE NAPPO DIGITAL 7L NEGRA NEF-218<\/p>\n","protected":false},"featured_media":4712,"comment_status":"open","ping_status":"closed","template":"","meta":{"_et_pb_use_builder":"","_et_pb_old_content":"","_et_gb_content_width":""},"product_brand":[],"product_cat":[33,47],"product_tag":[],"class_list":{"0":"post-4019","1":"product","2":"type-product","3":"status-publish","4":"has-post-thumbnail","6":"product_cat-cocina-y-comedor","7":"product_cat-destacados","9":"first","10":"instock","11":"shipping-taxable","12":"purchasable","13":"product-type-simple"},"_links":{"self":[{"href":"https:\/\/rubi.com.py\/index.php\/wp-json\/wp\/v2\/product\/4019","targetHints":{"allow":["GET"]}}],"collection":[{"href":"https:\/\/rubi.com.py\/index.php\/wp-json\/wp\/v2\/product"}],"about":[{"href":"https:\/\/rubi.com.py\/index.php\/wp-json\/wp\/v2\/types\/product"}],"replies":[{"embeddable":true,"href":"https:\/\/rubi.com.py\/index.php\/wp-json\/wp\/v2\/comments?post=4019"}],"wp:featuredmedia":[{"embeddable":true,"href":"https:\/\/rubi.com.py\/index.php\/wp-json\/wp\/v2\/media\/4712"}],"wp:attachment":[{"href":"https:\/\/rubi.com.py\/index.php\/wp-json\/wp\/v2\/media?parent=4019"}],"wp:term":[{"taxonomy":"product_brand","embeddable":true,"href":"https:\/\/rubi.com.py\/index.php\/wp-json\/wp\/v2\/product_brand?post=4019"},{"taxonomy":"product_cat","embeddable":true,"href":"https:\/\/rubi.com.py\/index.php\/wp-json\/wp\/v2\/product_cat?post=4019"},{"taxonomy":"product_tag","embeddable":true,"href":"https:\/\/rubi.com.py\/index.php\/wp-json\/wp\/v2\/product_tag?post=4019"}],"curies":[{"name":"wp","href":"https:\/\/api.w.org\/{rel}","templated":true}]}}