{"id":4021,"date":"2026-04-19T23:57:14","date_gmt":"2026-04-19T21:57:14","guid":{"rendered":"https:\/\/rubi.com.py\/index.php\/producto\/set-de-recipientes-hermeticos-5-pcs-croix-crc-015\/"},"modified":"2026-04-19T23:57:14","modified_gmt":"2026-04-19T21:57:14","slug":"set-de-recipientes-hermeticos-5-pcs-croix-crc-015","status":"publish","type":"product","link":"https:\/\/rubi.com.py\/index.php\/producto\/set-de-recipientes-hermeticos-5-pcs-croix-crc-015\/","title":{"rendered":"SET DE RECIPIENTES HERMETICOS 5 PCS CROIX CRC-015"},"content":{"rendered":"<p>SET DE RECIPIENTES HERMETICOS 5 PCS CROIX CRC-015 Caracter\u00edsticas: Set de 5 recipientes contenedores con tapa herm\u00e9tica y dispensador. \u00b7 Multiprop\u00f3sito: Ideal para almacenar harina, az\u00facar, arroz, cereales, frutos secos, legumbres, granos, snacks, pasta, caf\u00e9, t\u00e9 y m\u00e1s. \u00b7 Cuerpo negro transl\u00facido. \u00b7 Sistema de bloqueo 100% herm\u00e9tico y antiderrame. \u00b7 Contenedor apto para lavavajillas. \u00b7 Die\u00f1o apilable. \u00b7 Material: Pl\u00e1stico PS + ABS l\u00ednea premium de alta calidad, libre de BPA. \u00b7 F\u00e1cil apertura y cierre. \u00b7 F\u00e1cil de limpiar. \u00b7 Incluye: 1 contenedor de 2150ml, 1 contenedor de 1150ml, 2 contenedores de 980ml, 1 contenedor de 720ml, etiquetas y marcador.<\/p>\n","protected":false},"excerpt":{"rendered":"<p>SET DE RECIPIENTES HERMETICOS 5 PCS CROIX CRC-015<\/p>\n","protected":false},"featured_media":4020,"comment_status":"open","ping_status":"closed","template":"","meta":{"_et_pb_use_builder":"","_et_pb_old_content":"","_et_gb_content_width":""},"product_brand":[],"product_cat":[33],"product_tag":[],"class_list":{"0":"post-4021","1":"product","2":"type-product","3":"status-publish","4":"has-post-thumbnail","6":"product_cat-cocina-y-comedor","8":"first","9":"instock","10":"shipping-taxable","11":"purchasable","12":"product-type-simple"},"_links":{"self":[{"href":"https:\/\/rubi.com.py\/index.php\/wp-json\/wp\/v2\/product\/4021","targetHints":{"allow":["GET"]}}],"collection":[{"href":"https:\/\/rubi.com.py\/index.php\/wp-json\/wp\/v2\/product"}],"about":[{"href":"https:\/\/rubi.com.py\/index.php\/wp-json\/wp\/v2\/types\/product"}],"replies":[{"embeddable":true,"href":"https:\/\/rubi.com.py\/index.php\/wp-json\/wp\/v2\/comments?post=4021"}],"wp:featuredmedia":[{"embeddable":true,"href":"https:\/\/rubi.com.py\/index.php\/wp-json\/wp\/v2\/media\/4020"}],"wp:attachment":[{"href":"https:\/\/rubi.com.py\/index.php\/wp-json\/wp\/v2\/media?parent=4021"}],"wp:term":[{"taxonomy":"product_brand","embeddable":true,"href":"https:\/\/rubi.com.py\/index.php\/wp-json\/wp\/v2\/product_brand?post=4021"},{"taxonomy":"product_cat","embeddable":true,"href":"https:\/\/rubi.com.py\/index.php\/wp-json\/wp\/v2\/product_cat?post=4021"},{"taxonomy":"product_tag","embeddable":true,"href":"https:\/\/rubi.com.py\/index.php\/wp-json\/wp\/v2\/product_tag?post=4021"}],"curies":[{"name":"wp","href":"https:\/\/api.w.org\/{rel}","templated":true}]}}