{"id":4025,"date":"2026-04-19T23:57:55","date_gmt":"2026-04-19T21:57:55","guid":{"rendered":"https:\/\/rubi.com.py\/index.php\/producto\/escurridor-de-vajilla-decoteam-652880-dce-027\/"},"modified":"2026-04-19T23:59:48","modified_gmt":"2026-04-19T21:59:48","slug":"escurridor-de-vajilla-decoteam-652880-dce-027","status":"publish","type":"product","link":"https:\/\/rubi.com.py\/index.php\/producto\/escurridor-de-vajilla-decoteam-652880-dce-027\/","title":{"rendered":"ESCURRIDOR DE VAJILLA DECOTEAM 65*28*80 DCE-027"},"content":{"rendered":"<p>ESCURRIDOR DE VAJILLA DECOTEAM 65*28*80 DCE-027 Caracter\u00edsticas: Dimensiones: 65 x 28 x 60cm. Dise\u00f1o moderno y sobrio. Antideslizante. Cantidad de niveles: 2. Material de la puerta: Acr\u00edlico.<\/p>\n","protected":false},"excerpt":{"rendered":"<p>ESCURRIDOR DE VAJILLA DECOTEAM 65*28*80 DCE-027<\/p>\n","protected":false},"featured_media":4026,"comment_status":"open","ping_status":"closed","template":"","meta":{"_et_pb_use_builder":"","_et_pb_old_content":"","_et_gb_content_width":""},"product_brand":[],"product_cat":[38],"product_tag":[],"class_list":{"0":"post-4025","1":"product","2":"type-product","3":"status-publish","4":"has-post-thumbnail","6":"product_cat-hogar-y-limpieza","8":"first","9":"instock","10":"shipping-taxable","11":"purchasable","12":"product-type-simple"},"_links":{"self":[{"href":"https:\/\/rubi.com.py\/index.php\/wp-json\/wp\/v2\/product\/4025","targetHints":{"allow":["GET"]}}],"collection":[{"href":"https:\/\/rubi.com.py\/index.php\/wp-json\/wp\/v2\/product"}],"about":[{"href":"https:\/\/rubi.com.py\/index.php\/wp-json\/wp\/v2\/types\/product"}],"replies":[{"embeddable":true,"href":"https:\/\/rubi.com.py\/index.php\/wp-json\/wp\/v2\/comments?post=4025"}],"wp:featuredmedia":[{"embeddable":true,"href":"https:\/\/rubi.com.py\/index.php\/wp-json\/wp\/v2\/media\/4026"}],"wp:attachment":[{"href":"https:\/\/rubi.com.py\/index.php\/wp-json\/wp\/v2\/media?parent=4025"}],"wp:term":[{"taxonomy":"product_brand","embeddable":true,"href":"https:\/\/rubi.com.py\/index.php\/wp-json\/wp\/v2\/product_brand?post=4025"},{"taxonomy":"product_cat","embeddable":true,"href":"https:\/\/rubi.com.py\/index.php\/wp-json\/wp\/v2\/product_cat?post=4025"},{"taxonomy":"product_tag","embeddable":true,"href":"https:\/\/rubi.com.py\/index.php\/wp-json\/wp\/v2\/product_tag?post=4025"}],"curies":[{"name":"wp","href":"https:\/\/api.w.org\/{rel}","templated":true}]}}