{"id":4028,"date":"2026-04-20T00:00:05","date_gmt":"2026-04-19T22:00:05","guid":{"rendered":"https:\/\/rubi.com.py\/index.php\/producto\/escurridor-de-vajilla-decoteam-852880-dce-028\/"},"modified":"2026-04-20T00:00:05","modified_gmt":"2026-04-19T22:00:05","slug":"escurridor-de-vajilla-decoteam-852880-dce-028","status":"publish","type":"product","link":"https:\/\/rubi.com.py\/index.php\/producto\/escurridor-de-vajilla-decoteam-852880-dce-028\/","title":{"rendered":"ESCURRIDOR DE VAJILLA DECOTEAM 85*28*80 DCE-028"},"content":{"rendered":"<p>ESCURRIDOR DE VAJILLA DECOTEAM 85*28*80 DCE-028 Caracter\u00edsticas: Dimensiones: 85 x 28 x 80cm Gran capacidad de almacenamiento. Dise\u00f1o moderno y f\u00e1cil de armar. Cantidad de niveles: 2 Material de la puerta: Acr\u00edlico<\/p>\n","protected":false},"excerpt":{"rendered":"<p>ESCURRIDOR DE VAJILLA DECOTEAM 85*28*80 DCE-028<\/p>\n","protected":false},"featured_media":4027,"comment_status":"open","ping_status":"closed","template":"","meta":{"_et_pb_use_builder":"","_et_pb_old_content":"","_et_gb_content_width":""},"product_brand":[],"product_cat":[38],"product_tag":[],"class_list":{"0":"post-4028","1":"product","2":"type-product","3":"status-publish","4":"has-post-thumbnail","6":"product_cat-hogar-y-limpieza","8":"first","9":"instock","10":"shipping-taxable","11":"purchasable","12":"product-type-simple"},"_links":{"self":[{"href":"https:\/\/rubi.com.py\/index.php\/wp-json\/wp\/v2\/product\/4028","targetHints":{"allow":["GET"]}}],"collection":[{"href":"https:\/\/rubi.com.py\/index.php\/wp-json\/wp\/v2\/product"}],"about":[{"href":"https:\/\/rubi.com.py\/index.php\/wp-json\/wp\/v2\/types\/product"}],"replies":[{"embeddable":true,"href":"https:\/\/rubi.com.py\/index.php\/wp-json\/wp\/v2\/comments?post=4028"}],"wp:featuredmedia":[{"embeddable":true,"href":"https:\/\/rubi.com.py\/index.php\/wp-json\/wp\/v2\/media\/4027"}],"wp:attachment":[{"href":"https:\/\/rubi.com.py\/index.php\/wp-json\/wp\/v2\/media?parent=4028"}],"wp:term":[{"taxonomy":"product_brand","embeddable":true,"href":"https:\/\/rubi.com.py\/index.php\/wp-json\/wp\/v2\/product_brand?post=4028"},{"taxonomy":"product_cat","embeddable":true,"href":"https:\/\/rubi.com.py\/index.php\/wp-json\/wp\/v2\/product_cat?post=4028"},{"taxonomy":"product_tag","embeddable":true,"href":"https:\/\/rubi.com.py\/index.php\/wp-json\/wp\/v2\/product_tag?post=4028"}],"curies":[{"name":"wp","href":"https:\/\/api.w.org\/{rel}","templated":true}]}}