{"id":4038,"date":"2026-04-20T00:02:14","date_gmt":"2026-04-19T22:02:14","guid":{"rendered":"https:\/\/rubi.com.py\/index.php\/producto\/parlante-inalambrico-beatbox-kpm-682\/"},"modified":"2026-04-21T02:50:31","modified_gmt":"2026-04-21T00:50:31","slug":"parlante-inalambrico-beatbox-kpm-682","status":"publish","type":"product","link":"https:\/\/rubi.com.py\/index.php\/producto\/parlante-inalambrico-beatbox-kpm-682\/","title":{"rendered":"PARLANTE INAL\u00c1MBRICO BEATBOX KPM-682"},"content":{"rendered":"<p>PARLANTE INAL\u00c1MBRICO BEATBOX KPM-682 Caracter\u00edsticas:<\/p>\n<p>-Sonido HiFi -Potencia: 60W.<\/p>\n<p>-Conexi\u00f3n inl\u00e1mbrica V5.3.<\/p>\n<p>-Bater\u00eda recargable de 2500mAh.<\/p>\n<p>-Luz multicolor RGB. -Funci\u00f3n TWS.<\/p>\n<p>-Conexi\u00f3n: USB, SD, Aux 3.5mm.<\/p>\n<p>-Radio FM.<\/p>\n","protected":false},"excerpt":{"rendered":"<p>PARLANTE INAL\u00c1MBRICO BEATBOX KPM-682<\/p>\n","protected":false},"featured_media":4721,"comment_status":"open","ping_status":"closed","template":"","meta":{"_et_pb_use_builder":"","_et_pb_old_content":"","_et_gb_content_width":""},"product_brand":[],"product_cat":[47,46],"product_tag":[],"class_list":{"0":"post-4038","1":"product","2":"type-product","3":"status-publish","4":"has-post-thumbnail","6":"product_cat-destacados","7":"product_cat-tecnologia","9":"first","10":"instock","11":"shipping-taxable","12":"purchasable","13":"product-type-simple"},"_links":{"self":[{"href":"https:\/\/rubi.com.py\/index.php\/wp-json\/wp\/v2\/product\/4038","targetHints":{"allow":["GET"]}}],"collection":[{"href":"https:\/\/rubi.com.py\/index.php\/wp-json\/wp\/v2\/product"}],"about":[{"href":"https:\/\/rubi.com.py\/index.php\/wp-json\/wp\/v2\/types\/product"}],"replies":[{"embeddable":true,"href":"https:\/\/rubi.com.py\/index.php\/wp-json\/wp\/v2\/comments?post=4038"}],"wp:featuredmedia":[{"embeddable":true,"href":"https:\/\/rubi.com.py\/index.php\/wp-json\/wp\/v2\/media\/4721"}],"wp:attachment":[{"href":"https:\/\/rubi.com.py\/index.php\/wp-json\/wp\/v2\/media?parent=4038"}],"wp:term":[{"taxonomy":"product_brand","embeddable":true,"href":"https:\/\/rubi.com.py\/index.php\/wp-json\/wp\/v2\/product_brand?post=4038"},{"taxonomy":"product_cat","embeddable":true,"href":"https:\/\/rubi.com.py\/index.php\/wp-json\/wp\/v2\/product_cat?post=4038"},{"taxonomy":"product_tag","embeddable":true,"href":"https:\/\/rubi.com.py\/index.php\/wp-json\/wp\/v2\/product_tag?post=4038"}],"curies":[{"name":"wp","href":"https:\/\/api.w.org\/{rel}","templated":true}]}}