{"id":4048,"date":"2026-04-20T00:05:03","date_gmt":"2026-04-19T22:05:03","guid":{"rendered":"https:\/\/rubi.com.py\/index.php\/producto\/plancha-vaporizador-de-mano-nep-203-nappo\/"},"modified":"2026-04-20T00:05:03","modified_gmt":"2026-04-19T22:05:03","slug":"plancha-vaporizador-de-mano-nep-203-nappo","status":"publish","type":"product","link":"https:\/\/rubi.com.py\/index.php\/producto\/plancha-vaporizador-de-mano-nep-203-nappo\/","title":{"rendered":"PLANCHA VAPORIZADOR DE MANO NEP-203 NAPPO"},"content":{"rendered":"<p>PLANCHA VAPORIZADOR DE MANO NEP-203 NAPPO Caracter\u00edsticas: -Vaporizador de prendas manual para un planchado f\u00e1cil y para refrescar la ropa en cualquier momento y lugar. -Uso vertical u horizontal. -Potencia: 1200 &#8211; 1400W. -Vapor continuo. -Dep\u00f3sito de agua extra\u00edble de 220ml. -Cable de alimentaci\u00f3n de 1.6m. -Accesorios incluidos: Cepillo, Clip para pantalones, Guante y Medidor de agua.<\/p>\n","protected":false},"excerpt":{"rendered":"<p>PLANCHA VAPORIZADOR DE MANO NEP-203 NAPPO<\/p>\n","protected":false},"featured_media":4047,"comment_status":"open","ping_status":"closed","template":"","meta":{"_et_pb_use_builder":"","_et_pb_old_content":"","_et_gb_content_width":""},"product_brand":[],"product_cat":[41],"product_tag":[],"class_list":{"0":"post-4048","1":"product","2":"type-product","3":"status-publish","4":"has-post-thumbnail","6":"product_cat-lavado-y-cuidado-de-prendas","8":"first","9":"instock","10":"shipping-taxable","11":"purchasable","12":"product-type-simple"},"_links":{"self":[{"href":"https:\/\/rubi.com.py\/index.php\/wp-json\/wp\/v2\/product\/4048","targetHints":{"allow":["GET"]}}],"collection":[{"href":"https:\/\/rubi.com.py\/index.php\/wp-json\/wp\/v2\/product"}],"about":[{"href":"https:\/\/rubi.com.py\/index.php\/wp-json\/wp\/v2\/types\/product"}],"replies":[{"embeddable":true,"href":"https:\/\/rubi.com.py\/index.php\/wp-json\/wp\/v2\/comments?post=4048"}],"wp:featuredmedia":[{"embeddable":true,"href":"https:\/\/rubi.com.py\/index.php\/wp-json\/wp\/v2\/media\/4047"}],"wp:attachment":[{"href":"https:\/\/rubi.com.py\/index.php\/wp-json\/wp\/v2\/media?parent=4048"}],"wp:term":[{"taxonomy":"product_brand","embeddable":true,"href":"https:\/\/rubi.com.py\/index.php\/wp-json\/wp\/v2\/product_brand?post=4048"},{"taxonomy":"product_cat","embeddable":true,"href":"https:\/\/rubi.com.py\/index.php\/wp-json\/wp\/v2\/product_cat?post=4048"},{"taxonomy":"product_tag","embeddable":true,"href":"https:\/\/rubi.com.py\/index.php\/wp-json\/wp\/v2\/product_tag?post=4048"}],"curies":[{"name":"wp","href":"https:\/\/api.w.org\/{rel}","templated":true}]}}