{"id":4050,"date":"2026-04-20T00:05:23","date_gmt":"2026-04-19T22:05:23","guid":{"rendered":"https:\/\/rubi.com.py\/index.php\/producto\/cepillo-secador-multifuncion-7-en-1-nps-204-nappo\/"},"modified":"2026-04-20T00:05:23","modified_gmt":"2026-04-19T22:05:23","slug":"cepillo-secador-multifuncion-7-en-1-nps-204-nappo","status":"publish","type":"product","link":"https:\/\/rubi.com.py\/index.php\/producto\/cepillo-secador-multifuncion-7-en-1-nps-204-nappo\/","title":{"rendered":"CEPILLO SECADOR MULTIFUNCI\u00d3N 7 EN 1 NPS-204 NAPPO"},"content":{"rendered":"<p>CEPILLO SECADOR MULTIFUNCI\u00d3N 7 EN 1 NPS-204 NAPPO Caracter\u00edsticas: \u00b7 Secado + Peinado a la vez. \u00b7 Cepillo 7 en 1: Alisa, Riza, Seca, Peina, da Volumen y Masajea el cuero cabelludo. \u00b7 7 Cabezales intercambiables. \u00b7 Potencia: 1200W. \u00b7 2 velocidades: aire caliente de alta velocidad, aire caliente de baja velocidad. \u00b7 Funci\u00f3n aire fr\u00edo. \u00b7 Velocidad: 20000 RPM. \u00b7 Cable giratorio 360\u00ba de 180cm con gancho para colgar.<\/p>\n","protected":false},"excerpt":{"rendered":"<p>CEPILLO SECADOR MULTIFUNCI\u00d3N 7 EN 1 NPS-204 NAPPO<\/p>\n","protected":false},"featured_media":4049,"comment_status":"open","ping_status":"closed","template":"","meta":{"_et_pb_use_builder":"","_et_pb_old_content":"","_et_gb_content_width":""},"product_brand":[],"product_cat":[45],"product_tag":[],"class_list":{"0":"post-4050","1":"product","2":"type-product","3":"status-publish","4":"has-post-thumbnail","6":"product_cat-salud-y-belleza","8":"first","9":"instock","10":"shipping-taxable","11":"purchasable","12":"product-type-simple"},"_links":{"self":[{"href":"https:\/\/rubi.com.py\/index.php\/wp-json\/wp\/v2\/product\/4050","targetHints":{"allow":["GET"]}}],"collection":[{"href":"https:\/\/rubi.com.py\/index.php\/wp-json\/wp\/v2\/product"}],"about":[{"href":"https:\/\/rubi.com.py\/index.php\/wp-json\/wp\/v2\/types\/product"}],"replies":[{"embeddable":true,"href":"https:\/\/rubi.com.py\/index.php\/wp-json\/wp\/v2\/comments?post=4050"}],"wp:featuredmedia":[{"embeddable":true,"href":"https:\/\/rubi.com.py\/index.php\/wp-json\/wp\/v2\/media\/4049"}],"wp:attachment":[{"href":"https:\/\/rubi.com.py\/index.php\/wp-json\/wp\/v2\/media?parent=4050"}],"wp:term":[{"taxonomy":"product_brand","embeddable":true,"href":"https:\/\/rubi.com.py\/index.php\/wp-json\/wp\/v2\/product_brand?post=4050"},{"taxonomy":"product_cat","embeddable":true,"href":"https:\/\/rubi.com.py\/index.php\/wp-json\/wp\/v2\/product_cat?post=4050"},{"taxonomy":"product_tag","embeddable":true,"href":"https:\/\/rubi.com.py\/index.php\/wp-json\/wp\/v2\/product_tag?post=4050"}],"curies":[{"name":"wp","href":"https:\/\/api.w.org\/{rel}","templated":true}]}}