{"id":4052,"date":"2026-04-20T00:05:42","date_gmt":"2026-04-19T22:05:42","guid":{"rendered":"https:\/\/rubi.com.py\/index.php\/producto\/set-destornilladores-de-precision-115-en-1-nhk-207-nappo\/"},"modified":"2026-04-20T00:05:42","modified_gmt":"2026-04-19T22:05:42","slug":"set-destornilladores-de-precision-115-en-1-nhk-207-nappo","status":"publish","type":"product","link":"https:\/\/rubi.com.py\/index.php\/producto\/set-destornilladores-de-precision-115-en-1-nhk-207-nappo\/","title":{"rendered":"SET DESTORNILLADORES DE PRECISI\u00d3N 115 EN 1 NHK-207 NAPPO"},"content":{"rendered":"<p>SET DESTORNILLADORES DE PRECISI\u00d3N 115 EN 1 NHK-207 NAPPO Caracter\u00edsticas: \u00b7 Juego de Destornilladores de Precisi\u00f3n Profesional \u00b7 115 En 1. \u00b7 Reparaci\u00f3n m\u00e1s f\u00e1cil. \u00b7 Versatilidad de uso: Celulares, Consolas, Juguetes, Tablets. \u00b7 Fabricado con materiales de alta calidad: Pl\u00e1stico y acero inoxidable. \u00b7 Dise\u00f1o ergon\u00f3mico. \u00b7 Kit para transporte y guardado.<\/p>\n","protected":false},"excerpt":{"rendered":"<p>SET DESTORNILLADORES DE PRECISI\u00d3N 115 EN 1 NHK-207 NAPPO<\/p>\n","protected":false},"featured_media":4051,"comment_status":"open","ping_status":"closed","template":"","meta":{"_et_pb_use_builder":"","_et_pb_old_content":"","_et_gb_content_width":""},"product_brand":[],"product_cat":[33],"product_tag":[],"class_list":{"0":"post-4052","1":"product","2":"type-product","3":"status-publish","4":"has-post-thumbnail","6":"product_cat-cocina-y-comedor","8":"first","9":"instock","10":"shipping-taxable","11":"purchasable","12":"product-type-simple"},"_links":{"self":[{"href":"https:\/\/rubi.com.py\/index.php\/wp-json\/wp\/v2\/product\/4052","targetHints":{"allow":["GET"]}}],"collection":[{"href":"https:\/\/rubi.com.py\/index.php\/wp-json\/wp\/v2\/product"}],"about":[{"href":"https:\/\/rubi.com.py\/index.php\/wp-json\/wp\/v2\/types\/product"}],"replies":[{"embeddable":true,"href":"https:\/\/rubi.com.py\/index.php\/wp-json\/wp\/v2\/comments?post=4052"}],"wp:featuredmedia":[{"embeddable":true,"href":"https:\/\/rubi.com.py\/index.php\/wp-json\/wp\/v2\/media\/4051"}],"wp:attachment":[{"href":"https:\/\/rubi.com.py\/index.php\/wp-json\/wp\/v2\/media?parent=4052"}],"wp:term":[{"taxonomy":"product_brand","embeddable":true,"href":"https:\/\/rubi.com.py\/index.php\/wp-json\/wp\/v2\/product_brand?post=4052"},{"taxonomy":"product_cat","embeddable":true,"href":"https:\/\/rubi.com.py\/index.php\/wp-json\/wp\/v2\/product_cat?post=4052"},{"taxonomy":"product_tag","embeddable":true,"href":"https:\/\/rubi.com.py\/index.php\/wp-json\/wp\/v2\/product_tag?post=4052"}],"curies":[{"name":"wp","href":"https:\/\/api.w.org\/{rel}","templated":true}]}}