{"id":4058,"date":"2026-04-20T00:07:08","date_gmt":"2026-04-19T22:07:08","guid":{"rendered":"https:\/\/rubi.com.py\/index.php\/producto\/freidora-digital-s-aceite-frymaster-xl-12l-nappo-nef-210\/"},"modified":"2026-04-20T00:07:08","modified_gmt":"2026-04-19T22:07:08","slug":"freidora-digital-s-aceite-frymaster-xl-12l-nappo-nef-210","status":"publish","type":"product","link":"https:\/\/rubi.com.py\/index.php\/producto\/freidora-digital-s-aceite-frymaster-xl-12l-nappo-nef-210\/","title":{"rendered":"FREIDORA DIGITAL S\/ACEITE FRYMASTER XL 12L NAPPO NEF-210"},"content":{"rendered":"<p>FREIDORA DIGITAL S\/ACEITE FRYMASTER XL 12L NAPPO NEF-210 Caracter\u00edsticas: -Freidora sin aceite (de aire) Digital. -Capacidad: 12L. -Potencia: 1700W. -Ventana de visualizaci\u00f3n con Luzde operaci\u00f3n. -Panel con pantalla t\u00e1ctil LED. -10 funciones preestablecidas. -Temperatura ajustable de 25\u00ba hasta 200\u00baC. -Timer ajustable hasta 60 minutos. -Accesorios incluidos: Canasta giratoria, Asadera, 2 Rejillas Airfryer, Pincho para rostizar, Asa\/Horquilla y Pinza met\u00e1lica.<\/p>\n","protected":false},"excerpt":{"rendered":"<p>FREIDORA DIGITAL S\/ACEITE FRYMASTER XL 12L NAPPO NEF-210<\/p>\n","protected":false},"featured_media":4057,"comment_status":"open","ping_status":"closed","template":"","meta":{"_et_pb_use_builder":"","_et_pb_old_content":"","_et_gb_content_width":""},"product_brand":[],"product_cat":[33],"product_tag":[],"class_list":{"0":"post-4058","1":"product","2":"type-product","3":"status-publish","4":"has-post-thumbnail","6":"product_cat-cocina-y-comedor","8":"first","9":"instock","10":"shipping-taxable","11":"purchasable","12":"product-type-simple"},"_links":{"self":[{"href":"https:\/\/rubi.com.py\/index.php\/wp-json\/wp\/v2\/product\/4058","targetHints":{"allow":["GET"]}}],"collection":[{"href":"https:\/\/rubi.com.py\/index.php\/wp-json\/wp\/v2\/product"}],"about":[{"href":"https:\/\/rubi.com.py\/index.php\/wp-json\/wp\/v2\/types\/product"}],"replies":[{"embeddable":true,"href":"https:\/\/rubi.com.py\/index.php\/wp-json\/wp\/v2\/comments?post=4058"}],"wp:featuredmedia":[{"embeddable":true,"href":"https:\/\/rubi.com.py\/index.php\/wp-json\/wp\/v2\/media\/4057"}],"wp:attachment":[{"href":"https:\/\/rubi.com.py\/index.php\/wp-json\/wp\/v2\/media?parent=4058"}],"wp:term":[{"taxonomy":"product_brand","embeddable":true,"href":"https:\/\/rubi.com.py\/index.php\/wp-json\/wp\/v2\/product_brand?post=4058"},{"taxonomy":"product_cat","embeddable":true,"href":"https:\/\/rubi.com.py\/index.php\/wp-json\/wp\/v2\/product_cat?post=4058"},{"taxonomy":"product_tag","embeddable":true,"href":"https:\/\/rubi.com.py\/index.php\/wp-json\/wp\/v2\/product_tag?post=4058"}],"curies":[{"name":"wp","href":"https:\/\/api.w.org\/{rel}","templated":true}]}}