{"id":4064,"date":"2026-04-20T00:08:16","date_gmt":"2026-04-19T22:08:16","guid":{"rendered":"https:\/\/rubi.com.py\/index.php\/producto\/antena-exterior-para-tv-digital-uhf-kolke-kvv-675\/"},"modified":"2026-04-20T00:08:16","modified_gmt":"2026-04-19T22:08:16","slug":"antena-exterior-para-tv-digital-uhf-kolke-kvv-675","status":"publish","type":"product","link":"https:\/\/rubi.com.py\/index.php\/producto\/antena-exterior-para-tv-digital-uhf-kolke-kvv-675\/","title":{"rendered":"ANTENA EXTERIOR PARA TV DIGITAL UHF KOLKE KVV-675"},"content":{"rendered":"<p>ANTENA EXTERIOR PARA TV DIGITAL UHF KOLKE KVV-675 Caracter\u00edsticas: -Resoluci\u00f3n: Full HD y UHF. -Ganancia: 8dBi. -Recepci\u00f3n de se\u00f1al de larga distancia hasta 70km. -Accesorios incluidos: Tornillos, Tuercas, Clips, Cable F conector macho de 10 metros 2.5C2V.<\/p>\n","protected":false},"excerpt":{"rendered":"<p>ANTENA EXTERIOR PARA TV DIGITAL UHF KOLKE KVV-675<\/p>\n","protected":false},"featured_media":4063,"comment_status":"open","ping_status":"closed","template":"","meta":{"_et_pb_use_builder":"","_et_pb_old_content":"","_et_gb_content_width":""},"product_brand":[],"product_cat":[46],"product_tag":[],"class_list":{"0":"post-4064","1":"product","2":"type-product","3":"status-publish","4":"has-post-thumbnail","6":"product_cat-tecnologia","8":"first","9":"instock","10":"shipping-taxable","11":"purchasable","12":"product-type-simple"},"_links":{"self":[{"href":"https:\/\/rubi.com.py\/index.php\/wp-json\/wp\/v2\/product\/4064","targetHints":{"allow":["GET"]}}],"collection":[{"href":"https:\/\/rubi.com.py\/index.php\/wp-json\/wp\/v2\/product"}],"about":[{"href":"https:\/\/rubi.com.py\/index.php\/wp-json\/wp\/v2\/types\/product"}],"replies":[{"embeddable":true,"href":"https:\/\/rubi.com.py\/index.php\/wp-json\/wp\/v2\/comments?post=4064"}],"wp:featuredmedia":[{"embeddable":true,"href":"https:\/\/rubi.com.py\/index.php\/wp-json\/wp\/v2\/media\/4063"}],"wp:attachment":[{"href":"https:\/\/rubi.com.py\/index.php\/wp-json\/wp\/v2\/media?parent=4064"}],"wp:term":[{"taxonomy":"product_brand","embeddable":true,"href":"https:\/\/rubi.com.py\/index.php\/wp-json\/wp\/v2\/product_brand?post=4064"},{"taxonomy":"product_cat","embeddable":true,"href":"https:\/\/rubi.com.py\/index.php\/wp-json\/wp\/v2\/product_cat?post=4064"},{"taxonomy":"product_tag","embeddable":true,"href":"https:\/\/rubi.com.py\/index.php\/wp-json\/wp\/v2\/product_tag?post=4064"}],"curies":[{"name":"wp","href":"https:\/\/api.w.org\/{rel}","templated":true}]}}