{"id":4066,"date":"2026-04-20T00:08:31","date_gmt":"2026-04-19T22:08:31","guid":{"rendered":"https:\/\/rubi.com.py\/index.php\/producto\/auricular-kolke-tws-con-estuche-y-display-nova-kab-676-negro\/"},"modified":"2026-04-20T00:08:31","modified_gmt":"2026-04-19T22:08:31","slug":"auricular-kolke-tws-con-estuche-y-display-nova-kab-676-negro","status":"publish","type":"product","link":"https:\/\/rubi.com.py\/index.php\/producto\/auricular-kolke-tws-con-estuche-y-display-nova-kab-676-negro\/","title":{"rendered":"AURICULAR KOLKE TWS CON ESTUCHE Y DISPLAY NOVA KAB-676 NEGRO"},"content":{"rendered":"<p>AURICULAR KOLKE TWS CON ESTUCHE Y DISPLAY NOVA KAB-676 NEGRO Caracter\u00edsticas: -Auricular TWS (True wireless Streo). -ENC: Cancelaci\u00f3n de ruido. -Conexi\u00f3n inal\u00e1mbrica V5.3. -Modo Gaming. -Luces Led RGB. -Display digital. -Bater\u00eda estuche cargador: 1200mAh. -Bater\u00eda auriculareas 3,7V, &gt;50 mAh. -Autonom\u00eda: hasta 6 horas. -Waterproof.<\/p>\n","protected":false},"excerpt":{"rendered":"<p>AURICULAR KOLKE TWS CON ESTUCHE Y DISPLAY NOVA KAB-676 NEGRO<\/p>\n","protected":false},"featured_media":4065,"comment_status":"open","ping_status":"closed","template":"","meta":{"_et_pb_use_builder":"","_et_pb_old_content":"","_et_gb_content_width":""},"product_brand":[],"product_cat":[46],"product_tag":[],"class_list":{"0":"post-4066","1":"product","2":"type-product","3":"status-publish","4":"has-post-thumbnail","6":"product_cat-tecnologia","8":"first","9":"instock","10":"shipping-taxable","11":"purchasable","12":"product-type-simple"},"_links":{"self":[{"href":"https:\/\/rubi.com.py\/index.php\/wp-json\/wp\/v2\/product\/4066","targetHints":{"allow":["GET"]}}],"collection":[{"href":"https:\/\/rubi.com.py\/index.php\/wp-json\/wp\/v2\/product"}],"about":[{"href":"https:\/\/rubi.com.py\/index.php\/wp-json\/wp\/v2\/types\/product"}],"replies":[{"embeddable":true,"href":"https:\/\/rubi.com.py\/index.php\/wp-json\/wp\/v2\/comments?post=4066"}],"wp:featuredmedia":[{"embeddable":true,"href":"https:\/\/rubi.com.py\/index.php\/wp-json\/wp\/v2\/media\/4065"}],"wp:attachment":[{"href":"https:\/\/rubi.com.py\/index.php\/wp-json\/wp\/v2\/media?parent=4066"}],"wp:term":[{"taxonomy":"product_brand","embeddable":true,"href":"https:\/\/rubi.com.py\/index.php\/wp-json\/wp\/v2\/product_brand?post=4066"},{"taxonomy":"product_cat","embeddable":true,"href":"https:\/\/rubi.com.py\/index.php\/wp-json\/wp\/v2\/product_cat?post=4066"},{"taxonomy":"product_tag","embeddable":true,"href":"https:\/\/rubi.com.py\/index.php\/wp-json\/wp\/v2\/product_tag?post=4066"}],"curies":[{"name":"wp","href":"https:\/\/api.w.org\/{rel}","templated":true}]}}