{"id":4068,"date":"2026-04-20T00:08:46","date_gmt":"2026-04-19T22:08:46","guid":{"rendered":"https:\/\/rubi.com.py\/index.php\/producto\/parlante-kolke-pro-xtreme-kpm-677\/"},"modified":"2026-04-20T00:08:46","modified_gmt":"2026-04-19T22:08:46","slug":"parlante-kolke-pro-xtreme-kpm-677","status":"publish","type":"product","link":"https:\/\/rubi.com.py\/index.php\/producto\/parlante-kolke-pro-xtreme-kpm-677\/","title":{"rendered":"PARLANTE KOLKE PRO XTREME KPM-677"},"content":{"rendered":"<p>PARLANTE KOLKE PRO XTREME KPM-677 Caracter\u00edsticas: -Potencia: 100W \/ 3.000W PMPO. -Conexi\u00f3n inal\u00e1mbrica 5.2. -Bater\u00eda recargable: 5.400mAh. -Luces Led multicolor. -Funci\u00f3n TWS (True Wireless Stereo). -Conexi\u00f3n: USB, SD, Aux 3.5mm.<\/p>\n","protected":false},"excerpt":{"rendered":"<p>PARLANTE KOLKE PRO XTREME KPM-677<\/p>\n","protected":false},"featured_media":4067,"comment_status":"open","ping_status":"closed","template":"","meta":{"_et_pb_use_builder":"","_et_pb_old_content":"","_et_gb_content_width":""},"product_brand":[],"product_cat":[46],"product_tag":[],"class_list":{"0":"post-4068","1":"product","2":"type-product","3":"status-publish","4":"has-post-thumbnail","6":"product_cat-tecnologia","8":"first","9":"instock","10":"shipping-taxable","11":"purchasable","12":"product-type-simple"},"_links":{"self":[{"href":"https:\/\/rubi.com.py\/index.php\/wp-json\/wp\/v2\/product\/4068","targetHints":{"allow":["GET"]}}],"collection":[{"href":"https:\/\/rubi.com.py\/index.php\/wp-json\/wp\/v2\/product"}],"about":[{"href":"https:\/\/rubi.com.py\/index.php\/wp-json\/wp\/v2\/types\/product"}],"replies":[{"embeddable":true,"href":"https:\/\/rubi.com.py\/index.php\/wp-json\/wp\/v2\/comments?post=4068"}],"wp:featuredmedia":[{"embeddable":true,"href":"https:\/\/rubi.com.py\/index.php\/wp-json\/wp\/v2\/media\/4067"}],"wp:attachment":[{"href":"https:\/\/rubi.com.py\/index.php\/wp-json\/wp\/v2\/media?parent=4068"}],"wp:term":[{"taxonomy":"product_brand","embeddable":true,"href":"https:\/\/rubi.com.py\/index.php\/wp-json\/wp\/v2\/product_brand?post=4068"},{"taxonomy":"product_cat","embeddable":true,"href":"https:\/\/rubi.com.py\/index.php\/wp-json\/wp\/v2\/product_cat?post=4068"},{"taxonomy":"product_tag","embeddable":true,"href":"https:\/\/rubi.com.py\/index.php\/wp-json\/wp\/v2\/product_tag?post=4068"}],"curies":[{"name":"wp","href":"https:\/\/api.w.org\/{rel}","templated":true}]}}