{"id":4072,"date":"2026-04-20T00:09:20","date_gmt":"2026-04-19T22:09:20","guid":{"rendered":"https:\/\/rubi.com.py\/index.php\/producto\/parlante-inalambrico-kolke-arrow-kpp-678-negro\/"},"modified":"2026-04-20T00:09:20","modified_gmt":"2026-04-19T22:09:20","slug":"parlante-inalambrico-kolke-arrow-kpp-678-negro","status":"publish","type":"product","link":"https:\/\/rubi.com.py\/index.php\/producto\/parlante-inalambrico-kolke-arrow-kpp-678-negro\/","title":{"rendered":"PARLANTE INALAMBRICO KOLKE ARROW KPP-678 NEGRO"},"content":{"rendered":"<p>PARLANTE INALAMBRICO KOLKE ARROW KPP-678 NEGRO Caracter\u00edsticas: -Conexi\u00f3n inal\u00e1mbrica 5.3. -Bater\u00eda recargable: 1.200mAh. -Funci\u00f3n TWS (True Wireless Stereo). -Conexi\u00f3n: USB, SD, Aux 3.5mm. -Radio FM. -Micr\u00f3fono incorporado para manos libres.<\/p>\n","protected":false},"excerpt":{"rendered":"<p>PARLANTE INALAMBRICO KOLKE ARROW KPP-678 NEGRO<\/p>\n","protected":false},"featured_media":4071,"comment_status":"open","ping_status":"closed","template":"","meta":{"_et_pb_use_builder":"","_et_pb_old_content":"","_et_gb_content_width":""},"product_brand":[],"product_cat":[46],"product_tag":[],"class_list":{"0":"post-4072","1":"product","2":"type-product","3":"status-publish","4":"has-post-thumbnail","6":"product_cat-tecnologia","8":"first","9":"instock","10":"shipping-taxable","11":"purchasable","12":"product-type-simple"},"_links":{"self":[{"href":"https:\/\/rubi.com.py\/index.php\/wp-json\/wp\/v2\/product\/4072","targetHints":{"allow":["GET"]}}],"collection":[{"href":"https:\/\/rubi.com.py\/index.php\/wp-json\/wp\/v2\/product"}],"about":[{"href":"https:\/\/rubi.com.py\/index.php\/wp-json\/wp\/v2\/types\/product"}],"replies":[{"embeddable":true,"href":"https:\/\/rubi.com.py\/index.php\/wp-json\/wp\/v2\/comments?post=4072"}],"wp:featuredmedia":[{"embeddable":true,"href":"https:\/\/rubi.com.py\/index.php\/wp-json\/wp\/v2\/media\/4071"}],"wp:attachment":[{"href":"https:\/\/rubi.com.py\/index.php\/wp-json\/wp\/v2\/media?parent=4072"}],"wp:term":[{"taxonomy":"product_brand","embeddable":true,"href":"https:\/\/rubi.com.py\/index.php\/wp-json\/wp\/v2\/product_brand?post=4072"},{"taxonomy":"product_cat","embeddable":true,"href":"https:\/\/rubi.com.py\/index.php\/wp-json\/wp\/v2\/product_cat?post=4072"},{"taxonomy":"product_tag","embeddable":true,"href":"https:\/\/rubi.com.py\/index.php\/wp-json\/wp\/v2\/product_tag?post=4072"}],"curies":[{"name":"wp","href":"https:\/\/api.w.org\/{rel}","templated":true}]}}