{"id":4076,"date":"2026-04-20T00:10:00","date_gmt":"2026-04-19T22:10:00","guid":{"rendered":"https:\/\/rubi.com.py\/index.php\/producto\/horno-electrico-y-freidora-nappo-18l-6-en-1-neh-202\/"},"modified":"2026-04-20T00:10:00","modified_gmt":"2026-04-19T22:10:00","slug":"horno-electrico-y-freidora-nappo-18l-6-en-1-neh-202","status":"publish","type":"product","link":"https:\/\/rubi.com.py\/index.php\/producto\/horno-electrico-y-freidora-nappo-18l-6-en-1-neh-202\/","title":{"rendered":"HORNO ELECTRICO Y FREIDORA NAPPO 18L 6 EN 1 NEH-202"},"content":{"rendered":"<p>HORNO ELECTRICO Y FREIDORA NAPPO 18L 6 EN 1 NEH-202 Caracter\u00edsticas: -Potencia:1600W. -Capacidad de 18 litros. -Temperatura ajustable de 80 a 300\u00b0C. -Timer ajustable hasta 60 minutos. -Funci\u00f3n Horno el\u00e9ctrico, Air Fry (freidora de aire), Tostar, Deshidratar, Recalentar y permite usarse como horno para pizzas. -L\u00e1mpara interior. -Dise\u00f1o de almacenamiento vertical. -Accesorios incluidos: Rejilla, Bandeja y Cesta para fre\u00edr con aire.<\/p>\n","protected":false},"excerpt":{"rendered":"<p>HORNO ELECTRICO Y FREIDORA NAPPO 18L 6 EN 1 NEH-202<\/p>\n","protected":false},"featured_media":4075,"comment_status":"open","ping_status":"closed","template":"","meta":{"_et_pb_use_builder":"","_et_pb_old_content":"","_et_gb_content_width":""},"product_brand":[],"product_cat":[46],"product_tag":[],"class_list":{"0":"post-4076","1":"product","2":"type-product","3":"status-publish","4":"has-post-thumbnail","6":"product_cat-tecnologia","8":"first","9":"instock","10":"shipping-taxable","11":"purchasable","12":"product-type-simple"},"_links":{"self":[{"href":"https:\/\/rubi.com.py\/index.php\/wp-json\/wp\/v2\/product\/4076","targetHints":{"allow":["GET"]}}],"collection":[{"href":"https:\/\/rubi.com.py\/index.php\/wp-json\/wp\/v2\/product"}],"about":[{"href":"https:\/\/rubi.com.py\/index.php\/wp-json\/wp\/v2\/types\/product"}],"replies":[{"embeddable":true,"href":"https:\/\/rubi.com.py\/index.php\/wp-json\/wp\/v2\/comments?post=4076"}],"wp:featuredmedia":[{"embeddable":true,"href":"https:\/\/rubi.com.py\/index.php\/wp-json\/wp\/v2\/media\/4075"}],"wp:attachment":[{"href":"https:\/\/rubi.com.py\/index.php\/wp-json\/wp\/v2\/media?parent=4076"}],"wp:term":[{"taxonomy":"product_brand","embeddable":true,"href":"https:\/\/rubi.com.py\/index.php\/wp-json\/wp\/v2\/product_brand?post=4076"},{"taxonomy":"product_cat","embeddable":true,"href":"https:\/\/rubi.com.py\/index.php\/wp-json\/wp\/v2\/product_cat?post=4076"},{"taxonomy":"product_tag","embeddable":true,"href":"https:\/\/rubi.com.py\/index.php\/wp-json\/wp\/v2\/product_tag?post=4076"}],"curies":[{"name":"wp","href":"https:\/\/api.w.org\/{rel}","templated":true}]}}