{"id":4084,"date":"2026-04-20T00:11:23","date_gmt":"2026-04-19T22:11:23","guid":{"rendered":"https:\/\/rubi.com.py\/index.php\/producto\/monitor-kolke-led-curvo-27-full-hd-kes-665\/"},"modified":"2026-04-20T00:11:23","modified_gmt":"2026-04-19T22:11:23","slug":"monitor-kolke-led-curvo-27-full-hd-kes-665","status":"publish","type":"product","link":"https:\/\/rubi.com.py\/index.php\/producto\/monitor-kolke-led-curvo-27-full-hd-kes-665\/","title":{"rendered":"MONITOR KOLKE LED CURVO 27&#8243; FULL HD KES-665"},"content":{"rendered":"<p>MONITOR KOLKE LED CURVO 27&#8243; FULL HD KES-665 Caracter\u00edsticas: -Monitor LED Curvo Frameless de 27\u201d. -Panel Curvo VA Grado A (8:2). -Resoluci\u00f3n: Full HD 1920 x 1080p. -\u00c1ngulo de visi\u00f3n: 178\u00ba (H) \/ 178\u00ba (V). -Frecuencia de escaneo: 100 Hz. -Tiempo de respuesta: 1ms (MPRT). -\u00c1ngulo de inclinaci\u00f3n delantero 5\u00b0 \/ trasero 15\u00b0. -Montaje en pared: VESA 100\u00d7100. -Conexiones: VGA, HDMI, DC. -Freesync. -Filtro luz azul. -Incluye: Cable HDMI y Adaptador.<\/p>\n","protected":false},"excerpt":{"rendered":"<p>MONITOR KOLKE LED CURVO 27&#8243; FULL HD KES-665<\/p>\n","protected":false},"featured_media":4083,"comment_status":"open","ping_status":"closed","template":"","meta":{"_et_pb_use_builder":"","_et_pb_old_content":"","_et_gb_content_width":""},"product_brand":[],"product_cat":[46],"product_tag":[],"class_list":{"0":"post-4084","1":"product","2":"type-product","3":"status-publish","4":"has-post-thumbnail","6":"product_cat-tecnologia","8":"first","9":"instock","10":"shipping-taxable","11":"purchasable","12":"product-type-simple"},"_links":{"self":[{"href":"https:\/\/rubi.com.py\/index.php\/wp-json\/wp\/v2\/product\/4084","targetHints":{"allow":["GET"]}}],"collection":[{"href":"https:\/\/rubi.com.py\/index.php\/wp-json\/wp\/v2\/product"}],"about":[{"href":"https:\/\/rubi.com.py\/index.php\/wp-json\/wp\/v2\/types\/product"}],"replies":[{"embeddable":true,"href":"https:\/\/rubi.com.py\/index.php\/wp-json\/wp\/v2\/comments?post=4084"}],"wp:featuredmedia":[{"embeddable":true,"href":"https:\/\/rubi.com.py\/index.php\/wp-json\/wp\/v2\/media\/4083"}],"wp:attachment":[{"href":"https:\/\/rubi.com.py\/index.php\/wp-json\/wp\/v2\/media?parent=4084"}],"wp:term":[{"taxonomy":"product_brand","embeddable":true,"href":"https:\/\/rubi.com.py\/index.php\/wp-json\/wp\/v2\/product_brand?post=4084"},{"taxonomy":"product_cat","embeddable":true,"href":"https:\/\/rubi.com.py\/index.php\/wp-json\/wp\/v2\/product_cat?post=4084"},{"taxonomy":"product_tag","embeddable":true,"href":"https:\/\/rubi.com.py\/index.php\/wp-json\/wp\/v2\/product_tag?post=4084"}],"curies":[{"name":"wp","href":"https:\/\/api.w.org\/{rel}","templated":true}]}}