{"id":4086,"date":"2026-04-20T00:11:40","date_gmt":"2026-04-19T22:11:40","guid":{"rendered":"https:\/\/rubi.com.py\/index.php\/producto\/parlante-inalambrico-153-fest-pro-x15-kpb-667\/"},"modified":"2026-04-20T00:11:40","modified_gmt":"2026-04-19T22:11:40","slug":"parlante-inalambrico-153-fest-pro-x15-kpb-667","status":"publish","type":"product","link":"https:\/\/rubi.com.py\/index.php\/producto\/parlante-inalambrico-153-fest-pro-x15-kpb-667\/","title":{"rendered":"PARLANTE INALAMBRICO 15&#8243;+3&#8243; FEST PRO X15 KPB-667"},"content":{"rendered":"<p>PARLANTE INALAMBRICO 15&#8243;+3&#8243; FEST PRO X15 KPB-667 Caracter\u00edsticas: -Woofer 15\u201d + Tweeter 3\u201d. -Potencia: 500W \/ 12.000W PMPO. -Conexi\u00f3n inal\u00e1mbrica V5.0. -Bater\u00eda recargable: 12V , 7Ah. -Luces Led Multicolor en el panel frontal -Funci\u00f3n TWS (True Wireless Stereo). -Funci\u00f3n Karaoke -Funci\u00f3n de grabaci\u00f3n. -Conexi\u00f3n: USB, SD, Aux 3.5mm, Mic 6.35mm (x2), Guitarra (x1), entrada para Bater\u00eda externa 12V, entrada Audio (L\/R), salida Audio (L\/R). -Display LED. -Bass, Treble y Eco. -Radio FM. -Incluye: Micr\u00f3fonos inal\u00e1mbricos VHF (x2), Control remoto, Tr\u00edpode 620 y Cable de carga.<\/p>\n","protected":false},"excerpt":{"rendered":"<p>PARLANTE INALAMBRICO 15&#8243;+3&#8243; FEST PRO X15 KPB-667<\/p>\n","protected":false},"featured_media":4085,"comment_status":"open","ping_status":"closed","template":"","meta":{"_et_pb_use_builder":"","_et_pb_old_content":"","_et_gb_content_width":""},"product_brand":[],"product_cat":[46],"product_tag":[],"class_list":{"0":"post-4086","1":"product","2":"type-product","3":"status-publish","4":"has-post-thumbnail","6":"product_cat-tecnologia","8":"first","9":"instock","10":"shipping-taxable","11":"purchasable","12":"product-type-simple"},"_links":{"self":[{"href":"https:\/\/rubi.com.py\/index.php\/wp-json\/wp\/v2\/product\/4086","targetHints":{"allow":["GET"]}}],"collection":[{"href":"https:\/\/rubi.com.py\/index.php\/wp-json\/wp\/v2\/product"}],"about":[{"href":"https:\/\/rubi.com.py\/index.php\/wp-json\/wp\/v2\/types\/product"}],"replies":[{"embeddable":true,"href":"https:\/\/rubi.com.py\/index.php\/wp-json\/wp\/v2\/comments?post=4086"}],"wp:featuredmedia":[{"embeddable":true,"href":"https:\/\/rubi.com.py\/index.php\/wp-json\/wp\/v2\/media\/4085"}],"wp:attachment":[{"href":"https:\/\/rubi.com.py\/index.php\/wp-json\/wp\/v2\/media?parent=4086"}],"wp:term":[{"taxonomy":"product_brand","embeddable":true,"href":"https:\/\/rubi.com.py\/index.php\/wp-json\/wp\/v2\/product_brand?post=4086"},{"taxonomy":"product_cat","embeddable":true,"href":"https:\/\/rubi.com.py\/index.php\/wp-json\/wp\/v2\/product_cat?post=4086"},{"taxonomy":"product_tag","embeddable":true,"href":"https:\/\/rubi.com.py\/index.php\/wp-json\/wp\/v2\/product_tag?post=4086"}],"curies":[{"name":"wp","href":"https:\/\/api.w.org\/{rel}","templated":true}]}}