{"id":4089,"date":"2026-04-20T00:12:22","date_gmt":"2026-04-19T22:12:22","guid":{"rendered":"https:\/\/rubi.com.py\/index.php\/producto\/jarra-electrica-con-selector-temperatura-nappo-nej-194\/"},"modified":"2026-04-20T00:12:22","modified_gmt":"2026-04-19T22:12:22","slug":"jarra-electrica-con-selector-temperatura-nappo-nej-194","status":"publish","type":"product","link":"https:\/\/rubi.com.py\/index.php\/producto\/jarra-electrica-con-selector-temperatura-nappo-nej-194\/","title":{"rendered":"JARRA EL\u00c9CTRICA CON SELECTOR TEMPERATURA NAPPO NEJ-194"},"content":{"rendered":"<p>JARRA EL\u00c9CTRICA CON SELECTOR TEMPERATURA NAPPO NEJ-194 Caracter\u00edsticas: -Jarra el\u00e9ctrica con funci\u00f3n mate. -Temperatura ajustable: Selector de temperatura entre 100\u00baC u 80\u00baC. -Luces indicadoras del nivel de temperatura (luz roja para agua a 100\u00baC y luz verde para agua a 80\u00baC). -Capacidad: 1.8L. -Potencia: 1500W. -Base giratoria de 360\u00ba, sin cable. -Funci\u00f3n de apagado autom\u00e1tico.<\/p>\n","protected":false},"excerpt":{"rendered":"<p>JARRA EL\u00c9CTRICA CON SELECTOR TEMPERATURA NAPPO NEJ-194<\/p>\n","protected":false},"featured_media":0,"comment_status":"open","ping_status":"closed","template":"","meta":{"_et_pb_use_builder":"","_et_pb_old_content":"","_et_gb_content_width":""},"product_brand":[],"product_cat":[33],"product_tag":[],"class_list":{"0":"post-4089","1":"product","2":"type-product","3":"status-publish","5":"product_cat-cocina-y-comedor","7":"first","8":"instock","9":"shipping-taxable","10":"purchasable","11":"product-type-simple"},"_links":{"self":[{"href":"https:\/\/rubi.com.py\/index.php\/wp-json\/wp\/v2\/product\/4089","targetHints":{"allow":["GET"]}}],"collection":[{"href":"https:\/\/rubi.com.py\/index.php\/wp-json\/wp\/v2\/product"}],"about":[{"href":"https:\/\/rubi.com.py\/index.php\/wp-json\/wp\/v2\/types\/product"}],"replies":[{"embeddable":true,"href":"https:\/\/rubi.com.py\/index.php\/wp-json\/wp\/v2\/comments?post=4089"}],"wp:attachment":[{"href":"https:\/\/rubi.com.py\/index.php\/wp-json\/wp\/v2\/media?parent=4089"}],"wp:term":[{"taxonomy":"product_brand","embeddable":true,"href":"https:\/\/rubi.com.py\/index.php\/wp-json\/wp\/v2\/product_brand?post=4089"},{"taxonomy":"product_cat","embeddable":true,"href":"https:\/\/rubi.com.py\/index.php\/wp-json\/wp\/v2\/product_cat?post=4089"},{"taxonomy":"product_tag","embeddable":true,"href":"https:\/\/rubi.com.py\/index.php\/wp-json\/wp\/v2\/product_tag?post=4089"}],"curies":[{"name":"wp","href":"https:\/\/api.w.org\/{rel}","templated":true}]}}