{"id":409,"date":"2025-09-17T22:19:08","date_gmt":"2025-09-17T20:19:08","guid":{"rendered":"https:\/\/rubi.com.py\/index.php\/producto\/parlante-inalambrico-jvc-xs-ky5211b-40w-usb-bl\/"},"modified":"2026-04-20T22:01:22","modified_gmt":"2026-04-20T20:01:22","slug":"parlante-inalambrico-jvc-xs-ky5211b-40w-usb-bl","status":"publish","type":"product","link":"https:\/\/rubi.com.py\/index.php\/producto\/parlante-inalambrico-jvc-xs-ky5211b-40w-usb-bl\/","title":{"rendered":"PARLANTE INALAMBRICO JVC XS-KY5211B 40W USB BL"},"content":{"rendered":"<p>* Puerto USB-A para cargar bater\u00eda de tel\u00e9fono. * Luces multicolores y blancas estrobosc\u00f3picas. * Certificaci\u00f3n IPX5 resistente a salpicaduras. * Botones para controlar canci\u00f3n. * Bot\u00f3n para contestar llamada. * Puerto de carga micro USB. * Uso horizontal y vertical. * Reproducci\u00f3n hasta 9 h. * Micr\u00f3fono incorporado. * Potencia total de 40 W. * Parlante Bass Reflex. * Entrada micro SD. * Peso de 1.800 g. * Bluetooth 5.0. * Entrada AUX. Im\u00e1genes meramente ilustrativas. Im\u00e1genes e informaci\u00f3n sujetas a cambios sin previo aviso. Detalles t\u00e9cnicos: \u2022 ANCHO: 33 CM \u2022 ALTO: 60 CM \u2022 LARGO: 29 CM \u2022 PESO: 8100 GR<\/p>\n","protected":false},"excerpt":{"rendered":"<p>* Puerto USB-A para cargar bater\u00eda de tel\u00e9fono. * Luces multicolores y blancas estrobosc\u00f3picas. * Certificaci\u00f3n IPX5 resistente a salpicaduras. * Botones para controlar canci\u00f3n. * Bot\u00f3n para contestar llamada. * Puerto de carga micro USB. * Uso horizontal y vertical. * Reproducci\u00f3n hasta 9 h. * Micr\u00f3fono incorporado. * Potencia total de 40 W. * Parlante Bass Reflex. * Entrada micro SD. * Peso de 1.800 g. * Bluetooth 5.0. * Entrada AUX. Im\u00e1genes meramente ilustrativas. Im\u00e1genes e informaci\u00f3n sujetas a cambios sin previo aviso.<\/p>\n","protected":false},"featured_media":4583,"comment_status":"open","ping_status":"closed","template":"","meta":{"_et_pb_use_builder":"","_et_pb_old_content":"","_et_gb_content_width":""},"product_brand":[],"product_cat":[46],"product_tag":[],"class_list":{"0":"post-409","1":"product","2":"type-product","3":"status-publish","4":"has-post-thumbnail","6":"product_cat-tecnologia","8":"first","9":"instock","10":"shipping-taxable","11":"purchasable","12":"product-type-simple"},"_links":{"self":[{"href":"https:\/\/rubi.com.py\/index.php\/wp-json\/wp\/v2\/product\/409","targetHints":{"allow":["GET"]}}],"collection":[{"href":"https:\/\/rubi.com.py\/index.php\/wp-json\/wp\/v2\/product"}],"about":[{"href":"https:\/\/rubi.com.py\/index.php\/wp-json\/wp\/v2\/types\/product"}],"replies":[{"embeddable":true,"href":"https:\/\/rubi.com.py\/index.php\/wp-json\/wp\/v2\/comments?post=409"}],"wp:featuredmedia":[{"embeddable":true,"href":"https:\/\/rubi.com.py\/index.php\/wp-json\/wp\/v2\/media\/4583"}],"wp:attachment":[{"href":"https:\/\/rubi.com.py\/index.php\/wp-json\/wp\/v2\/media?parent=409"}],"wp:term":[{"taxonomy":"product_brand","embeddable":true,"href":"https:\/\/rubi.com.py\/index.php\/wp-json\/wp\/v2\/product_brand?post=409"},{"taxonomy":"product_cat","embeddable":true,"href":"https:\/\/rubi.com.py\/index.php\/wp-json\/wp\/v2\/product_cat?post=409"},{"taxonomy":"product_tag","embeddable":true,"href":"https:\/\/rubi.com.py\/index.php\/wp-json\/wp\/v2\/product_tag?post=409"}],"curies":[{"name":"wp","href":"https:\/\/api.w.org\/{rel}","templated":true}]}}