{"id":4093,"date":"2026-04-20T00:12:56","date_gmt":"2026-04-19T22:12:56","guid":{"rendered":"https:\/\/rubi.com.py\/index.php\/producto\/hidrolavadora-inalambrica-de-mano-nappo-nhh-196\/"},"modified":"2026-04-20T00:12:56","modified_gmt":"2026-04-19T22:12:56","slug":"hidrolavadora-inalambrica-de-mano-nappo-nhh-196","status":"publish","type":"product","link":"https:\/\/rubi.com.py\/index.php\/producto\/hidrolavadora-inalambrica-de-mano-nappo-nhh-196\/","title":{"rendered":"HIDROLAVADORA INALAMBRICA DE MANO NAPPO NHH-196"},"content":{"rendered":"<p>HIDROLAVADORA INALAMBRICA DE MANO NAPPO NHH-196 Caracter\u00edsticas: \u00b7 Potencia: 300W. \u00b7 Bateria de 1500mAh. \u00b7 Voltaje: 24V. \u00b7 Presi\u00f3n: 30 bars (m\u00e1x). \u00b7 Caudal: 4 L\/m. \u00b7 Incluye: Tubo de agua de 5 metros, Boquilla de 0\u00b0 y 40\u00b0, Dispensador de jab\u00f3n, Filtro, Conector r\u00e1pido, Bater\u00eda, Adaptador, Malet\u00edn de transporte y guardado.<\/p>\n","protected":false},"excerpt":{"rendered":"<p>HIDROLAVADORA INALAMBRICA DE MANO NAPPO NHH-196<\/p>\n","protected":false},"featured_media":4092,"comment_status":"open","ping_status":"closed","template":"","meta":{"_et_pb_use_builder":"","_et_pb_old_content":"","_et_gb_content_width":""},"product_brand":[],"product_cat":[38],"product_tag":[],"class_list":{"0":"post-4093","1":"product","2":"type-product","3":"status-publish","4":"has-post-thumbnail","6":"product_cat-hogar-y-limpieza","8":"first","9":"instock","10":"shipping-taxable","11":"purchasable","12":"product-type-simple"},"_links":{"self":[{"href":"https:\/\/rubi.com.py\/index.php\/wp-json\/wp\/v2\/product\/4093","targetHints":{"allow":["GET"]}}],"collection":[{"href":"https:\/\/rubi.com.py\/index.php\/wp-json\/wp\/v2\/product"}],"about":[{"href":"https:\/\/rubi.com.py\/index.php\/wp-json\/wp\/v2\/types\/product"}],"replies":[{"embeddable":true,"href":"https:\/\/rubi.com.py\/index.php\/wp-json\/wp\/v2\/comments?post=4093"}],"wp:featuredmedia":[{"embeddable":true,"href":"https:\/\/rubi.com.py\/index.php\/wp-json\/wp\/v2\/media\/4092"}],"wp:attachment":[{"href":"https:\/\/rubi.com.py\/index.php\/wp-json\/wp\/v2\/media?parent=4093"}],"wp:term":[{"taxonomy":"product_brand","embeddable":true,"href":"https:\/\/rubi.com.py\/index.php\/wp-json\/wp\/v2\/product_brand?post=4093"},{"taxonomy":"product_cat","embeddable":true,"href":"https:\/\/rubi.com.py\/index.php\/wp-json\/wp\/v2\/product_cat?post=4093"},{"taxonomy":"product_tag","embeddable":true,"href":"https:\/\/rubi.com.py\/index.php\/wp-json\/wp\/v2\/product_tag?post=4093"}],"curies":[{"name":"wp","href":"https:\/\/api.w.org\/{rel}","templated":true}]}}