{"id":4096,"date":"2026-04-20T00:14:16","date_gmt":"2026-04-19T22:14:16","guid":{"rendered":"https:\/\/rubi.com.py\/index.php\/producto\/smartwatch-kolke-kvr-671-plateado\/"},"modified":"2026-04-20T00:14:16","modified_gmt":"2026-04-19T22:14:16","slug":"smartwatch-kolke-kvr-671-plateado","status":"publish","type":"product","link":"https:\/\/rubi.com.py\/index.php\/producto\/smartwatch-kolke-kvr-671-plateado\/","title":{"rendered":"SMARTWATCH KOLKE KVR-671 PLATEADO"},"content":{"rendered":"<p>SMARTWATCH KOLKE KVR-671 PLATEADO Caracter\u00edsticas: -Pantalla t\u00e1ctil TFT de 1,83\u201d(240&#215;284) -Bluetooth 5.3 con llamadas desde el reloj -Monitoreo de salud:frecuencia card\u00edaca,ox\u00edgeno en sangre y sue\u00f1o -Registro de actividad:pasos,distancia y calor\u00edas -Notificaciones de aplicaciones -Bater\u00eda recargable con hasta 5 d\u00edas de uso -Resistente al agua y polvo(1 ATM) -Compatible con Android 5.1 o superior\/iOS 8.0 o superior -Incluye correa adicional<\/p>\n","protected":false},"excerpt":{"rendered":"<p>SMARTWATCH KOLKE KVR-671 PLATEADO<\/p>\n","protected":false},"featured_media":4095,"comment_status":"open","ping_status":"closed","template":"","meta":{"_et_pb_use_builder":"","_et_pb_old_content":"","_et_gb_content_width":""},"product_brand":[],"product_cat":[44],"product_tag":[],"class_list":{"0":"post-4096","1":"product","2":"type-product","3":"status-publish","4":"has-post-thumbnail","6":"product_cat-relojes","8":"first","9":"instock","10":"shipping-taxable","11":"purchasable","12":"product-type-simple"},"_links":{"self":[{"href":"https:\/\/rubi.com.py\/index.php\/wp-json\/wp\/v2\/product\/4096","targetHints":{"allow":["GET"]}}],"collection":[{"href":"https:\/\/rubi.com.py\/index.php\/wp-json\/wp\/v2\/product"}],"about":[{"href":"https:\/\/rubi.com.py\/index.php\/wp-json\/wp\/v2\/types\/product"}],"replies":[{"embeddable":true,"href":"https:\/\/rubi.com.py\/index.php\/wp-json\/wp\/v2\/comments?post=4096"}],"wp:featuredmedia":[{"embeddable":true,"href":"https:\/\/rubi.com.py\/index.php\/wp-json\/wp\/v2\/media\/4095"}],"wp:attachment":[{"href":"https:\/\/rubi.com.py\/index.php\/wp-json\/wp\/v2\/media?parent=4096"}],"wp:term":[{"taxonomy":"product_brand","embeddable":true,"href":"https:\/\/rubi.com.py\/index.php\/wp-json\/wp\/v2\/product_brand?post=4096"},{"taxonomy":"product_cat","embeddable":true,"href":"https:\/\/rubi.com.py\/index.php\/wp-json\/wp\/v2\/product_cat?post=4096"},{"taxonomy":"product_tag","embeddable":true,"href":"https:\/\/rubi.com.py\/index.php\/wp-json\/wp\/v2\/product_tag?post=4096"}],"curies":[{"name":"wp","href":"https:\/\/api.w.org\/{rel}","templated":true}]}}