{"id":4104,"date":"2026-04-20T00:16:01","date_gmt":"2026-04-19T22:16:01","guid":{"rendered":"https:\/\/rubi.com.py\/index.php\/producto\/mochila-anti-robo-journey-kvm-654-negra\/"},"modified":"2026-04-20T00:16:01","modified_gmt":"2026-04-19T22:16:01","slug":"mochila-anti-robo-journey-kvm-654-negra","status":"publish","type":"product","link":"https:\/\/rubi.com.py\/index.php\/producto\/mochila-anti-robo-journey-kvm-654-negra\/","title":{"rendered":"MOCHILA ANTI-ROBO JOURNEY KVM-654 NEGRA"},"content":{"rendered":"<p>MOCHILA ANTI-ROBO JOURNEY KVM-654 NEGRA Caracter\u00edsticas: -Seguridad Anti-robo: Bolsillo con cierre antirrobo en la parte posterior. -Waterproof (resistente al agua). -Puerto exterior USB de carga. -Dos compartimentos principales y dos espec\u00edficos para laptops o equipos electr\u00f3nicos. -Se adapta a la mayor\u00eda de port\u00e1tiles de 17&#8243;. -Compartimento h\u00famedo impermeable. -Compartimento separado para zapatos.<\/p>\n","protected":false},"excerpt":{"rendered":"<p>MOCHILA ANTI-ROBO JOURNEY KVM-654 NEGRA<\/p>\n","protected":false},"featured_media":4103,"comment_status":"open","ping_status":"closed","template":"","meta":{"_et_pb_use_builder":"","_et_pb_old_content":"","_et_gb_content_width":""},"product_brand":[],"product_cat":[30,46],"product_tag":[],"class_list":{"0":"post-4104","1":"product","2":"type-product","3":"status-publish","4":"has-post-thumbnail","6":"product_cat-actividades-al-aire-libre","7":"product_cat-tecnologia","9":"first","10":"instock","11":"shipping-taxable","12":"purchasable","13":"product-type-simple"},"_links":{"self":[{"href":"https:\/\/rubi.com.py\/index.php\/wp-json\/wp\/v2\/product\/4104","targetHints":{"allow":["GET"]}}],"collection":[{"href":"https:\/\/rubi.com.py\/index.php\/wp-json\/wp\/v2\/product"}],"about":[{"href":"https:\/\/rubi.com.py\/index.php\/wp-json\/wp\/v2\/types\/product"}],"replies":[{"embeddable":true,"href":"https:\/\/rubi.com.py\/index.php\/wp-json\/wp\/v2\/comments?post=4104"}],"wp:featuredmedia":[{"embeddable":true,"href":"https:\/\/rubi.com.py\/index.php\/wp-json\/wp\/v2\/media\/4103"}],"wp:attachment":[{"href":"https:\/\/rubi.com.py\/index.php\/wp-json\/wp\/v2\/media?parent=4104"}],"wp:term":[{"taxonomy":"product_brand","embeddable":true,"href":"https:\/\/rubi.com.py\/index.php\/wp-json\/wp\/v2\/product_brand?post=4104"},{"taxonomy":"product_cat","embeddable":true,"href":"https:\/\/rubi.com.py\/index.php\/wp-json\/wp\/v2\/product_cat?post=4104"},{"taxonomy":"product_tag","embeddable":true,"href":"https:\/\/rubi.com.py\/index.php\/wp-json\/wp\/v2\/product_tag?post=4104"}],"curies":[{"name":"wp","href":"https:\/\/api.w.org\/{rel}","templated":true}]}}