{"id":4108,"date":"2026-04-20T00:16:44","date_gmt":"2026-04-19T22:16:44","guid":{"rendered":"https:\/\/rubi.com.py\/index.php\/producto\/microondas-digital-nappo-20l-nex-189-negro\/"},"modified":"2026-04-20T00:16:44","modified_gmt":"2026-04-19T22:16:44","slug":"microondas-digital-nappo-20l-nex-189-negro","status":"publish","type":"product","link":"https:\/\/rubi.com.py\/index.php\/producto\/microondas-digital-nappo-20l-nex-189-negro\/","title":{"rendered":"MICROONDAS DIGITAL NAPPO 20L NEX-189 NEGRO"},"content":{"rendered":"<p>MICROONDAS DIGITAL NAPPO 20L NEX-189 NEGRO Caracter\u00edsticas: \u00b7 Potencia: 700W. \u00b7 Capacidad: 20 Litros. \u00b7 Display digital. \u00b7 Panel de control t\u00e1ctil. \u00b7 Puerta de del vidrio PET. \u00b7 Luz incandescente interior. \u00b7 6 funciones preestablecidas. \u00b7 Funci\u00f3n Inicio r\u00e1pido \/ (+30 seg). \u00b7 Funci\u00f3n Temporizador de cocci\u00f3n. \u00b7 Funci\u00f3n descongelaci\u00f3n autom\u00e1tica. \u00b7 Alimentaci\u00f3n: 230V ~ 50Hz.<\/p>\n","protected":false},"excerpt":{"rendered":"<p>MICROONDAS DIGITAL NAPPO 20L NEX-189 NEGRO<\/p>\n","protected":false},"featured_media":4107,"comment_status":"open","ping_status":"closed","template":"","meta":{"_et_pb_use_builder":"","_et_pb_old_content":"","_et_gb_content_width":""},"product_brand":[],"product_cat":[30,46],"product_tag":[],"class_list":{"0":"post-4108","1":"product","2":"type-product","3":"status-publish","4":"has-post-thumbnail","6":"product_cat-actividades-al-aire-libre","7":"product_cat-tecnologia","9":"first","10":"instock","11":"shipping-taxable","12":"purchasable","13":"product-type-simple"},"_links":{"self":[{"href":"https:\/\/rubi.com.py\/index.php\/wp-json\/wp\/v2\/product\/4108","targetHints":{"allow":["GET"]}}],"collection":[{"href":"https:\/\/rubi.com.py\/index.php\/wp-json\/wp\/v2\/product"}],"about":[{"href":"https:\/\/rubi.com.py\/index.php\/wp-json\/wp\/v2\/types\/product"}],"replies":[{"embeddable":true,"href":"https:\/\/rubi.com.py\/index.php\/wp-json\/wp\/v2\/comments?post=4108"}],"wp:featuredmedia":[{"embeddable":true,"href":"https:\/\/rubi.com.py\/index.php\/wp-json\/wp\/v2\/media\/4107"}],"wp:attachment":[{"href":"https:\/\/rubi.com.py\/index.php\/wp-json\/wp\/v2\/media?parent=4108"}],"wp:term":[{"taxonomy":"product_brand","embeddable":true,"href":"https:\/\/rubi.com.py\/index.php\/wp-json\/wp\/v2\/product_brand?post=4108"},{"taxonomy":"product_cat","embeddable":true,"href":"https:\/\/rubi.com.py\/index.php\/wp-json\/wp\/v2\/product_cat?post=4108"},{"taxonomy":"product_tag","embeddable":true,"href":"https:\/\/rubi.com.py\/index.php\/wp-json\/wp\/v2\/product_tag?post=4108"}],"curies":[{"name":"wp","href":"https:\/\/api.w.org\/{rel}","templated":true}]}}