{"id":4115,"date":"2026-04-20T00:17:55","date_gmt":"2026-04-19T22:17:55","guid":{"rendered":"https:\/\/rubi.com.py\/index.php\/producto\/auricular-tws-con-estuche-cargador-kab-657-rosado\/"},"modified":"2026-04-20T00:17:55","modified_gmt":"2026-04-19T22:17:55","slug":"auricular-tws-con-estuche-cargador-kab-657-rosado","status":"publish","type":"product","link":"https:\/\/rubi.com.py\/index.php\/producto\/auricular-tws-con-estuche-cargador-kab-657-rosado\/","title":{"rendered":"AURICULAR TWS CON ESTUCHE CARGADOR KAB-657 ROSADO"},"content":{"rendered":"<p>AURICULAR TWS CON ESTUCHE CARGADOR KAB-657 ROSADO Caracter\u00edsticas: -TWS (True Wireless stereo). -Cancelaci\u00f3n de ruido (ANC + ENC). -Transferencia Inal\u00e1mbrica V5.3. -Tiempo de carga 1,5hs. -Estuche cargador 500 mAh. -Display Digital Led Color. -Autonom\u00eda de 3hs. -Control Touch.<\/p>\n","protected":false},"excerpt":{"rendered":"<p>AURICULAR TWS CON ESTUCHE CARGADOR KAB-657 ROSADO<\/p>\n","protected":false},"featured_media":4114,"comment_status":"open","ping_status":"closed","template":"","meta":{"_et_pb_use_builder":"","_et_pb_old_content":"","_et_gb_content_width":""},"product_brand":[],"product_cat":[46],"product_tag":[],"class_list":{"0":"post-4115","1":"product","2":"type-product","3":"status-publish","4":"has-post-thumbnail","6":"product_cat-tecnologia","8":"first","9":"instock","10":"shipping-taxable","11":"purchasable","12":"product-type-simple"},"_links":{"self":[{"href":"https:\/\/rubi.com.py\/index.php\/wp-json\/wp\/v2\/product\/4115","targetHints":{"allow":["GET"]}}],"collection":[{"href":"https:\/\/rubi.com.py\/index.php\/wp-json\/wp\/v2\/product"}],"about":[{"href":"https:\/\/rubi.com.py\/index.php\/wp-json\/wp\/v2\/types\/product"}],"replies":[{"embeddable":true,"href":"https:\/\/rubi.com.py\/index.php\/wp-json\/wp\/v2\/comments?post=4115"}],"wp:featuredmedia":[{"embeddable":true,"href":"https:\/\/rubi.com.py\/index.php\/wp-json\/wp\/v2\/media\/4114"}],"wp:attachment":[{"href":"https:\/\/rubi.com.py\/index.php\/wp-json\/wp\/v2\/media?parent=4115"}],"wp:term":[{"taxonomy":"product_brand","embeddable":true,"href":"https:\/\/rubi.com.py\/index.php\/wp-json\/wp\/v2\/product_brand?post=4115"},{"taxonomy":"product_cat","embeddable":true,"href":"https:\/\/rubi.com.py\/index.php\/wp-json\/wp\/v2\/product_cat?post=4115"},{"taxonomy":"product_tag","embeddable":true,"href":"https:\/\/rubi.com.py\/index.php\/wp-json\/wp\/v2\/product_tag?post=4115"}],"curies":[{"name":"wp","href":"https:\/\/api.w.org\/{rel}","templated":true}]}}