{"id":4135,"date":"2026-04-20T00:21:12","date_gmt":"2026-04-19T22:21:12","guid":{"rendered":"https:\/\/rubi.com.py\/index.php\/producto\/kit-taladro-inalambrico-nappo-con-cepillos-nhk-184\/"},"modified":"2026-04-20T00:21:12","modified_gmt":"2026-04-19T22:21:12","slug":"kit-taladro-inalambrico-nappo-con-cepillos-nhk-184","status":"publish","type":"product","link":"https:\/\/rubi.com.py\/index.php\/producto\/kit-taladro-inalambrico-nappo-con-cepillos-nhk-184\/","title":{"rendered":"KIT TALADRO INAL\u00c1MBRICO NAPPO CON CEPILLOS NHK-184"},"content":{"rendered":"<p>KIT TALADRO INAL\u00c1MBRICO NAPPO CON CEPILLOS NHK-184 Caracter\u00edsticas: \u00b7 Voltaje: 12V. \u00b7 Bater\u00eda recargable de 1300mAh. \u00b7 Velocidad ajustable: Primer nivel 0-350 RPM \/ Segundo nivel 0-1350 RPM. \u00b7 Luz Led. \u00b7 Capacidad m\u00e1xima de perforaci\u00f3n en madera: 24mm. \u00b7 Accesorios incluidos: 1 bater\u00eda, cargador, 3 cepillos (50mm \/ 90mm \/ 100mm), 6 puntas de destornillador, 6 mechas, 1 conector.<\/p>\n","protected":false},"excerpt":{"rendered":"<p>KIT TALADRO INAL\u00c1MBRICO NAPPO CON CEPILLOS NHK-184<\/p>\n","protected":false},"featured_media":4134,"comment_status":"open","ping_status":"closed","template":"","meta":{"_et_pb_use_builder":"","_et_pb_old_content":"","_et_gb_content_width":""},"product_brand":[],"product_cat":[36],"product_tag":[],"class_list":{"0":"post-4135","1":"product","2":"type-product","3":"status-publish","4":"has-post-thumbnail","6":"product_cat-ferreteria","8":"first","9":"instock","10":"shipping-taxable","11":"purchasable","12":"product-type-simple"},"_links":{"self":[{"href":"https:\/\/rubi.com.py\/index.php\/wp-json\/wp\/v2\/product\/4135","targetHints":{"allow":["GET"]}}],"collection":[{"href":"https:\/\/rubi.com.py\/index.php\/wp-json\/wp\/v2\/product"}],"about":[{"href":"https:\/\/rubi.com.py\/index.php\/wp-json\/wp\/v2\/types\/product"}],"replies":[{"embeddable":true,"href":"https:\/\/rubi.com.py\/index.php\/wp-json\/wp\/v2\/comments?post=4135"}],"wp:featuredmedia":[{"embeddable":true,"href":"https:\/\/rubi.com.py\/index.php\/wp-json\/wp\/v2\/media\/4134"}],"wp:attachment":[{"href":"https:\/\/rubi.com.py\/index.php\/wp-json\/wp\/v2\/media?parent=4135"}],"wp:term":[{"taxonomy":"product_brand","embeddable":true,"href":"https:\/\/rubi.com.py\/index.php\/wp-json\/wp\/v2\/product_brand?post=4135"},{"taxonomy":"product_cat","embeddable":true,"href":"https:\/\/rubi.com.py\/index.php\/wp-json\/wp\/v2\/product_cat?post=4135"},{"taxonomy":"product_tag","embeddable":true,"href":"https:\/\/rubi.com.py\/index.php\/wp-json\/wp\/v2\/product_tag?post=4135"}],"curies":[{"name":"wp","href":"https:\/\/api.w.org\/{rel}","templated":true}]}}