{"id":4137,"date":"2026-04-20T00:21:35","date_gmt":"2026-04-19T22:21:35","guid":{"rendered":"https:\/\/rubi.com.py\/index.php\/producto\/set-de-accesorios-de-16pcs-nhc-185-nappo\/"},"modified":"2026-04-20T00:21:35","modified_gmt":"2026-04-19T22:21:35","slug":"set-de-accesorios-de-16pcs-nhc-185-nappo","status":"publish","type":"product","link":"https:\/\/rubi.com.py\/index.php\/producto\/set-de-accesorios-de-16pcs-nhc-185-nappo\/","title":{"rendered":"SET DE ACCESORIOS DE 16PCS NHC-185 NAPPO"},"content":{"rendered":"<p>SET DE ACCESORIOS DE 16PCS NHC-185 NAPPO Caracter\u00edsticas: -Set de accesorios para taladro (taladro no incluido). -Incluye todo lo necesario para realizar variedad de trabajos, arreglos o mejoras en el hogar, adem\u00e1s te ayudar\u00e1n a limpiar o pulir variedad de superficies de manera m\u00e1s r\u00e1pida y f\u00e1cil. -El set incluye: 3 cepillos (50mm \/ 90mm \/ 100mm), 6 puntas de destornillador, 6 mechas y 1 conector. -Los cepillos est\u00e1n realizados con fibra de cerdas r\u00edgidas. -Duraderos. -Vers\u00e1tiles: Los cepillos pueden utilizarse en hormig\u00f3n, ladrillo, piedra, aceras, veh\u00edculos, hogar, etc. -Ideales para utilizar en espacios reducidos y \u00e1reas de dif\u00edcil acceso. -Conector 1\/4&#8243;.<\/p>\n","protected":false},"excerpt":{"rendered":"<p>SET DE ACCESORIOS DE 16PCS NHC-185 NAPPO<\/p>\n","protected":false},"featured_media":4136,"comment_status":"open","ping_status":"closed","template":"","meta":{"_et_pb_use_builder":"","_et_pb_old_content":"","_et_gb_content_width":""},"product_brand":[],"product_cat":[36],"product_tag":[],"class_list":{"0":"post-4137","1":"product","2":"type-product","3":"status-publish","4":"has-post-thumbnail","6":"product_cat-ferreteria","8":"first","9":"instock","10":"shipping-taxable","11":"purchasable","12":"product-type-simple"},"_links":{"self":[{"href":"https:\/\/rubi.com.py\/index.php\/wp-json\/wp\/v2\/product\/4137","targetHints":{"allow":["GET"]}}],"collection":[{"href":"https:\/\/rubi.com.py\/index.php\/wp-json\/wp\/v2\/product"}],"about":[{"href":"https:\/\/rubi.com.py\/index.php\/wp-json\/wp\/v2\/types\/product"}],"replies":[{"embeddable":true,"href":"https:\/\/rubi.com.py\/index.php\/wp-json\/wp\/v2\/comments?post=4137"}],"wp:featuredmedia":[{"embeddable":true,"href":"https:\/\/rubi.com.py\/index.php\/wp-json\/wp\/v2\/media\/4136"}],"wp:attachment":[{"href":"https:\/\/rubi.com.py\/index.php\/wp-json\/wp\/v2\/media?parent=4137"}],"wp:term":[{"taxonomy":"product_brand","embeddable":true,"href":"https:\/\/rubi.com.py\/index.php\/wp-json\/wp\/v2\/product_brand?post=4137"},{"taxonomy":"product_cat","embeddable":true,"href":"https:\/\/rubi.com.py\/index.php\/wp-json\/wp\/v2\/product_cat?post=4137"},{"taxonomy":"product_tag","embeddable":true,"href":"https:\/\/rubi.com.py\/index.php\/wp-json\/wp\/v2\/product_tag?post=4137"}],"curies":[{"name":"wp","href":"https:\/\/api.w.org\/{rel}","templated":true}]}}